{"id":20376,"date":"2025-11-29T17:58:57","date_gmt":"2025-11-29T14:58:57","guid":{"rendered":"https:\/\/www.balsan.com.tr\/?post_type=product&#038;p=20376"},"modified":"2025-11-29T18:01:01","modified_gmt":"2025-11-29T15:01:01","slug":"atom-yag-filtre-kapagi-4-delikli","status":"publish","type":"product","link":"https:\/\/www.balsan.com.tr\/en\/product\/atom-yag-filtre-kapagi-4-delikli\/","title":{"rendered":"Atom Oil Filter Cover with 4 Holes"},"content":{"rendered":"<p>\u00dcr\u00fcn A\u00e7\u0131klamas\u0131<\/p>","protected":false},"excerpt":{"rendered":"<table class=\"product-info-table\">\n<tbody>\n<tr>\n<td><strong>Code<\/strong><\/td>\n<td>54144<\/td>\n<\/tr>\n<tr>\n<td><strong>Orj. No<\/strong><\/td>\n<td>A4. 4111004.4 JCB 37737K004 \/ 3773K041 MF<\/td>\n<\/tr>\n<tr>\n<td><strong>Model<\/strong><\/td>\n<td>PERKINS &#8211; JCB<\/td>\n<\/tr>\n<\/tbody>\n<\/table>","protected":false},"featured_media":20344,"comment_status":"open","ping_status":"closed","template":"","meta":[],"product_brand":[],"product_cat":[85],"product_tag":[],"class_list":{"0":"post-20376","1":"product","2":"type-product","3":"status-publish","4":"has-post-thumbnail","6":"product_cat-massey-ferguson","8":"first","9":"outofstock","10":"shipping-taxable","11":"product-type-simple"},"_links":{"self":[{"href":"https:\/\/www.balsan.com.tr\/en\/wp-json\/wp\/v2\/product\/20376","targetHints":{"allow":["GET"]}}],"collection":[{"href":"https:\/\/www.balsan.com.tr\/en\/wp-json\/wp\/v2\/product"}],"about":[{"href":"https:\/\/www.balsan.com.tr\/en\/wp-json\/wp\/v2\/types\/product"}],"replies":[{"embeddable":true,"href":"https:\/\/www.balsan.com.tr\/en\/wp-json\/wp\/v2\/comments?post=20376"}],"version-history":[{"count":2,"href":"https:\/\/www.balsan.com.tr\/en\/wp-json\/wp\/v2\/product\/20376\/revisions"}],"predecessor-version":[{"id":20378,"href":"https:\/\/www.balsan.com.tr\/en\/wp-json\/wp\/v2\/product\/20376\/revisions\/20378"}],"wp:featuredmedia":[{"embeddable":true,"href":"https:\/\/www.balsan.com.tr\/en\/wp-json\/wp\/v2\/media\/20344"}],"wp:attachment":[{"href":"https:\/\/www.balsan.com.tr\/en\/wp-json\/wp\/v2\/media?parent=20376"}],"wp:term":[{"taxonomy":"product_brand","embeddable":true,"href":"https:\/\/www.balsan.com.tr\/en\/wp-json\/wp\/v2\/product_brand?post=20376"},{"taxonomy":"product_cat","embeddable":true,"href":"https:\/\/www.balsan.com.tr\/en\/wp-json\/wp\/v2\/product_cat?post=20376"},{"taxonomy":"product_tag","embeddable":true,"href":"https:\/\/www.balsan.com.tr\/en\/wp-json\/wp\/v2\/product_tag?post=20376"}],"curies":[{"name":"wp","href":"https:\/\/api.w.org\/{rel}","templated":true}]}}