{"id":20360,"date":"2025-11-29T17:45:09","date_gmt":"2025-11-29T14:45:09","guid":{"rendered":"https:\/\/www.balsan.com.tr\/?post_type=product&#038;p=20360"},"modified":"2025-11-29T17:46:11","modified_gmt":"2025-11-29T14:46:11","slug":"eski-model-mazot-filtre-orta-mil-komple-3-parcali-massey","status":"publish","type":"product","link":"https:\/\/www.balsan.com.tr\/en\/product\/eski-model-mazot-filtre-orta-mil-komple-3-parcali-massey\/","title":{"rendered":"Old Model Diesel Fuel Filter Middle Shaft Complete - 3 Pieces"},"content":{"rendered":"<p>\u00dcr\u00fcn A\u00e7\u0131klamas\u0131<\/p>","protected":false},"excerpt":{"rendered":"<table class=\"product-info-table\">\n<tbody>\n<tr>\n<td><strong>Code<\/strong><\/td>\n<td>54131<\/td>\n<\/tr>\n<tr>\n<td><strong>Orj. No<\/strong><\/td>\n<td>9919164B<\/td>\n<\/tr>\n<tr>\n<td><strong>Model<\/strong><\/td>\n<td>MF<\/td>\n<\/tr>\n<\/tbody>\n<\/table>","protected":false},"featured_media":20354,"comment_status":"open","ping_status":"closed","template":"","meta":[],"product_brand":[],"product_cat":[85],"product_tag":[],"class_list":{"0":"post-20360","1":"product","2":"type-product","3":"status-publish","4":"has-post-thumbnail","6":"product_cat-massey-ferguson","8":"first","9":"outofstock","10":"shipping-taxable","11":"product-type-simple"},"_links":{"self":[{"href":"https:\/\/www.balsan.com.tr\/en\/wp-json\/wp\/v2\/product\/20360","targetHints":{"allow":["GET"]}}],"collection":[{"href":"https:\/\/www.balsan.com.tr\/en\/wp-json\/wp\/v2\/product"}],"about":[{"href":"https:\/\/www.balsan.com.tr\/en\/wp-json\/wp\/v2\/types\/product"}],"replies":[{"embeddable":true,"href":"https:\/\/www.balsan.com.tr\/en\/wp-json\/wp\/v2\/comments?post=20360"}],"version-history":[{"count":1,"href":"https:\/\/www.balsan.com.tr\/en\/wp-json\/wp\/v2\/product\/20360\/revisions"}],"predecessor-version":[{"id":20361,"href":"https:\/\/www.balsan.com.tr\/en\/wp-json\/wp\/v2\/product\/20360\/revisions\/20361"}],"wp:featuredmedia":[{"embeddable":true,"href":"https:\/\/www.balsan.com.tr\/en\/wp-json\/wp\/v2\/media\/20354"}],"wp:attachment":[{"href":"https:\/\/www.balsan.com.tr\/en\/wp-json\/wp\/v2\/media?parent=20360"}],"wp:term":[{"taxonomy":"product_brand","embeddable":true,"href":"https:\/\/www.balsan.com.tr\/en\/wp-json\/wp\/v2\/product_brand?post=20360"},{"taxonomy":"product_cat","embeddable":true,"href":"https:\/\/www.balsan.com.tr\/en\/wp-json\/wp\/v2\/product_cat?post=20360"},{"taxonomy":"product_tag","embeddable":true,"href":"https:\/\/www.balsan.com.tr\/en\/wp-json\/wp\/v2\/product_tag?post=20360"}],"curies":[{"name":"wp","href":"https:\/\/api.w.org\/{rel}","templated":true}]}}