{"id":20218,"date":"2025-11-28T23:25:54","date_gmt":"2025-11-28T20:25:54","guid":{"rendered":"https:\/\/www.balsan.com.tr\/?post_type=product&#038;p=20218"},"modified":"2025-11-29T16:55:26","modified_gmt":"2025-11-29T13:55:26","slug":"perkins-grank-kece-yatagi","status":"publish","type":"product","link":"https:\/\/www.balsan.com.tr\/en\/product\/perkins-grank-kece-yatagi\/","title":{"rendered":"Perkins Grand Felt Bearing"},"content":{"rendered":"<p>\u00dcr\u00fcn A\u00e7\u0131klamas\u0131<\/p>","protected":false},"excerpt":{"rendered":"<table class=\"product-info-table\">\n<tbody>\n<tr>\n<td><strong>Code<\/strong><\/td>\n<td>54150<\/td>\n<\/tr>\n<tr>\n<td><strong>Orj. No<\/strong><\/td>\n<td>4142V066<\/td>\n<\/tr>\n<tr>\n<td><strong>Model<\/strong><\/td>\n<td>1000 &#8211; 4236 &#8211; 6354<\/td>\n<\/tr>\n<\/tbody>\n<\/table>","protected":false},"featured_media":20350,"comment_status":"open","ping_status":"closed","template":"","meta":[],"product_brand":[],"product_cat":[85],"product_tag":[],"class_list":{"0":"post-20218","1":"product","2":"type-product","3":"status-publish","4":"has-post-thumbnail","6":"product_cat-massey-ferguson","8":"first","9":"outofstock","10":"shipping-taxable","11":"product-type-simple"},"_links":{"self":[{"href":"https:\/\/www.balsan.com.tr\/en\/wp-json\/wp\/v2\/product\/20218","targetHints":{"allow":["GET"]}}],"collection":[{"href":"https:\/\/www.balsan.com.tr\/en\/wp-json\/wp\/v2\/product"}],"about":[{"href":"https:\/\/www.balsan.com.tr\/en\/wp-json\/wp\/v2\/types\/product"}],"replies":[{"embeddable":true,"href":"https:\/\/www.balsan.com.tr\/en\/wp-json\/wp\/v2\/comments?post=20218"}],"version-history":[{"count":1,"href":"https:\/\/www.balsan.com.tr\/en\/wp-json\/wp\/v2\/product\/20218\/revisions"}],"predecessor-version":[{"id":20219,"href":"https:\/\/www.balsan.com.tr\/en\/wp-json\/wp\/v2\/product\/20218\/revisions\/20219"}],"wp:featuredmedia":[{"embeddable":true,"href":"https:\/\/www.balsan.com.tr\/en\/wp-json\/wp\/v2\/media\/20350"}],"wp:attachment":[{"href":"https:\/\/www.balsan.com.tr\/en\/wp-json\/wp\/v2\/media?parent=20218"}],"wp:term":[{"taxonomy":"product_brand","embeddable":true,"href":"https:\/\/www.balsan.com.tr\/en\/wp-json\/wp\/v2\/product_brand?post=20218"},{"taxonomy":"product_cat","embeddable":true,"href":"https:\/\/www.balsan.com.tr\/en\/wp-json\/wp\/v2\/product_cat?post=20218"},{"taxonomy":"product_tag","embeddable":true,"href":"https:\/\/www.balsan.com.tr\/en\/wp-json\/wp\/v2\/product_tag?post=20218"}],"curies":[{"name":"wp","href":"https:\/\/api.w.org\/{rel}","templated":true}]}}