{"id":20172,"date":"2025-11-28T22:17:26","date_gmt":"2025-11-28T19:17:26","guid":{"rendered":"https:\/\/www.balsan.com.tr\/?post_type=product&#038;p=20172"},"modified":"2025-11-29T16:50:57","modified_gmt":"2025-11-29T13:50:57","slug":"mazot-filtre-alt-tas-milli-tahliyeli-cav-tipi-massey","status":"publish","type":"product","link":"https:\/\/www.balsan.com.tr\/en\/product\/mazot-filtre-alt-tas-milli-tahliyeli-cav-tipi-massey\/","title":{"rendered":"Diesel Filter Bottom Bowl with Shaft and Drain - CAV Type"},"content":{"rendered":"<p>\u00dcr\u00fcn A\u00e7\u0131klamas\u0131<\/p>","protected":false},"excerpt":{"rendered":"<table class=\"product-info-table\">\n<tbody>\n<tr>\n<td><strong>Code<\/strong><\/td>\n<td>54109<\/td>\n<\/tr>\n<tr>\n<td><strong>Orj. No<\/strong><\/td>\n<td>7111 &#8211; 317 \/ 1<\/td>\n<\/tr>\n<tr>\n<td><strong>Model<\/strong><\/td>\n<td>MF<\/td>\n<\/tr>\n<\/tbody>\n<\/table>","protected":false},"featured_media":20316,"comment_status":"open","ping_status":"closed","template":"","meta":[],"product_brand":[],"product_cat":[85],"product_tag":[],"class_list":{"0":"post-20172","1":"product","2":"type-product","3":"status-publish","4":"has-post-thumbnail","6":"product_cat-massey-ferguson","8":"first","9":"outofstock","10":"shipping-taxable","11":"product-type-simple"},"_links":{"self":[{"href":"https:\/\/www.balsan.com.tr\/en\/wp-json\/wp\/v2\/product\/20172","targetHints":{"allow":["GET"]}}],"collection":[{"href":"https:\/\/www.balsan.com.tr\/en\/wp-json\/wp\/v2\/product"}],"about":[{"href":"https:\/\/www.balsan.com.tr\/en\/wp-json\/wp\/v2\/types\/product"}],"replies":[{"embeddable":true,"href":"https:\/\/www.balsan.com.tr\/en\/wp-json\/wp\/v2\/comments?post=20172"}],"version-history":[{"count":1,"href":"https:\/\/www.balsan.com.tr\/en\/wp-json\/wp\/v2\/product\/20172\/revisions"}],"predecessor-version":[{"id":20173,"href":"https:\/\/www.balsan.com.tr\/en\/wp-json\/wp\/v2\/product\/20172\/revisions\/20173"}],"wp:featuredmedia":[{"embeddable":true,"href":"https:\/\/www.balsan.com.tr\/en\/wp-json\/wp\/v2\/media\/20316"}],"wp:attachment":[{"href":"https:\/\/www.balsan.com.tr\/en\/wp-json\/wp\/v2\/media?parent=20172"}],"wp:term":[{"taxonomy":"product_brand","embeddable":true,"href":"https:\/\/www.balsan.com.tr\/en\/wp-json\/wp\/v2\/product_brand?post=20172"},{"taxonomy":"product_cat","embeddable":true,"href":"https:\/\/www.balsan.com.tr\/en\/wp-json\/wp\/v2\/product_cat?post=20172"},{"taxonomy":"product_tag","embeddable":true,"href":"https:\/\/www.balsan.com.tr\/en\/wp-json\/wp\/v2\/product_tag?post=20172"}],"curies":[{"name":"wp","href":"https:\/\/api.w.org\/{rel}","templated":true}]}}