{"id":20170,"date":"2025-11-28T22:16:14","date_gmt":"2025-11-28T19:16:14","guid":{"rendered":"https:\/\/www.balsan.com.tr\/?post_type=product&#038;p=20170"},"modified":"2025-11-29T16:50:19","modified_gmt":"2025-11-29T13:50:19","slug":"mazot-filtre-alt-tas-delikli-cav-tipi-massey","status":"publish","type":"product","link":"https:\/\/www.balsan.com.tr\/en\/product\/mazot-filtre-alt-tas-delikli-cav-tipi-massey\/","title":{"rendered":"Diesel Fuel Filter Bottom Bowl with Holes - CAV Type"},"content":{"rendered":"<p>\u00dcr\u00fcn A\u00e7\u0131klamas\u0131<\/p>","protected":false},"excerpt":{"rendered":"<table class=\"product-info-table\">\n<tbody>\n<tr>\n<td><strong>Code<\/strong><\/td>\n<td>54108<\/td>\n<\/tr>\n<tr>\n<td><strong>Orj. No<\/strong><\/td>\n<td>7111 \/ 032<\/td>\n<\/tr>\n<tr>\n<td><strong>Model<\/strong><\/td>\n<td>MF<\/td>\n<\/tr>\n<\/tbody>\n<\/table>","protected":false},"featured_media":20315,"comment_status":"open","ping_status":"closed","template":"","meta":[],"product_brand":[],"product_cat":[85],"product_tag":[],"class_list":{"0":"post-20170","1":"product","2":"type-product","3":"status-publish","4":"has-post-thumbnail","6":"product_cat-massey-ferguson","8":"first","9":"outofstock","10":"shipping-taxable","11":"product-type-simple"},"_links":{"self":[{"href":"https:\/\/www.balsan.com.tr\/en\/wp-json\/wp\/v2\/product\/20170","targetHints":{"allow":["GET"]}}],"collection":[{"href":"https:\/\/www.balsan.com.tr\/en\/wp-json\/wp\/v2\/product"}],"about":[{"href":"https:\/\/www.balsan.com.tr\/en\/wp-json\/wp\/v2\/types\/product"}],"replies":[{"embeddable":true,"href":"https:\/\/www.balsan.com.tr\/en\/wp-json\/wp\/v2\/comments?post=20170"}],"version-history":[{"count":1,"href":"https:\/\/www.balsan.com.tr\/en\/wp-json\/wp\/v2\/product\/20170\/revisions"}],"predecessor-version":[{"id":20171,"href":"https:\/\/www.balsan.com.tr\/en\/wp-json\/wp\/v2\/product\/20170\/revisions\/20171"}],"wp:featuredmedia":[{"embeddable":true,"href":"https:\/\/www.balsan.com.tr\/en\/wp-json\/wp\/v2\/media\/20315"}],"wp:attachment":[{"href":"https:\/\/www.balsan.com.tr\/en\/wp-json\/wp\/v2\/media?parent=20170"}],"wp:term":[{"taxonomy":"product_brand","embeddable":true,"href":"https:\/\/www.balsan.com.tr\/en\/wp-json\/wp\/v2\/product_brand?post=20170"},{"taxonomy":"product_cat","embeddable":true,"href":"https:\/\/www.balsan.com.tr\/en\/wp-json\/wp\/v2\/product_cat?post=20170"},{"taxonomy":"product_tag","embeddable":true,"href":"https:\/\/www.balsan.com.tr\/en\/wp-json\/wp\/v2\/product_tag?post=20170"}],"curies":[{"name":"wp","href":"https:\/\/api.w.org\/{rel}","templated":true}]}}