{"id":20160,"date":"2025-11-28T21:43:18","date_gmt":"2025-11-28T18:43:18","guid":{"rendered":"https:\/\/www.balsan.com.tr\/?post_type=product&#038;p=20160"},"modified":"2025-11-29T16:52:54","modified_gmt":"2025-11-29T13:52:54","slug":"mazot-filtre-ust-kapak-tekli-massey","status":"publish","type":"product","link":"https:\/\/www.balsan.com.tr\/en\/product\/mazot-filtre-ust-kapak-tekli-massey\/","title":{"rendered":"Single Fuel Filter Top Cover"},"content":{"rendered":"<p>\u00dcr\u00fcn A\u00e7\u0131klamas\u0131<\/p>","protected":false},"excerpt":{"rendered":"<table class=\"product-info-table\">\n<tbody>\n<tr>\n<td><strong>Code<\/strong><\/td>\n<td>54103<\/td>\n<\/tr>\n<tr>\n<td><strong>Orj. No<\/strong><\/td>\n<td>1630925 &#8211; 1024390 &#8211; 2656614<\/td>\n<\/tr>\n<tr>\n<td><strong>Model<\/strong><\/td>\n<td>MF Inlet \/ Outlet 1\/2-20 UNF<\/td>\n<\/tr>\n<\/tbody>\n<\/table>","protected":false},"featured_media":20310,"comment_status":"open","ping_status":"closed","template":"","meta":[],"product_brand":[],"product_cat":[85],"product_tag":[],"class_list":{"0":"post-20160","1":"product","2":"type-product","3":"status-publish","4":"has-post-thumbnail","6":"product_cat-massey-ferguson","8":"first","9":"outofstock","10":"shipping-taxable","11":"product-type-simple"},"_links":{"self":[{"href":"https:\/\/www.balsan.com.tr\/en\/wp-json\/wp\/v2\/product\/20160","targetHints":{"allow":["GET"]}}],"collection":[{"href":"https:\/\/www.balsan.com.tr\/en\/wp-json\/wp\/v2\/product"}],"about":[{"href":"https:\/\/www.balsan.com.tr\/en\/wp-json\/wp\/v2\/types\/product"}],"replies":[{"embeddable":true,"href":"https:\/\/www.balsan.com.tr\/en\/wp-json\/wp\/v2\/comments?post=20160"}],"version-history":[{"count":1,"href":"https:\/\/www.balsan.com.tr\/en\/wp-json\/wp\/v2\/product\/20160\/revisions"}],"predecessor-version":[{"id":20161,"href":"https:\/\/www.balsan.com.tr\/en\/wp-json\/wp\/v2\/product\/20160\/revisions\/20161"}],"wp:featuredmedia":[{"embeddable":true,"href":"https:\/\/www.balsan.com.tr\/en\/wp-json\/wp\/v2\/media\/20310"}],"wp:attachment":[{"href":"https:\/\/www.balsan.com.tr\/en\/wp-json\/wp\/v2\/media?parent=20160"}],"wp:term":[{"taxonomy":"product_brand","embeddable":true,"href":"https:\/\/www.balsan.com.tr\/en\/wp-json\/wp\/v2\/product_brand?post=20160"},{"taxonomy":"product_cat","embeddable":true,"href":"https:\/\/www.balsan.com.tr\/en\/wp-json\/wp\/v2\/product_cat?post=20160"},{"taxonomy":"product_tag","embeddable":true,"href":"https:\/\/www.balsan.com.tr\/en\/wp-json\/wp\/v2\/product_tag?post=20160"}],"curies":[{"name":"wp","href":"https:\/\/api.w.org\/{rel}","templated":true}]}}