{"id":20154,"date":"2025-11-28T21:13:39","date_gmt":"2025-11-28T18:13:39","guid":{"rendered":"https:\/\/www.balsan.com.tr\/?post_type=product&#038;p=20154"},"modified":"2025-11-29T16:28:17","modified_gmt":"2025-11-29T13:28:17","slug":"ford-atom-yag-filtre-kapagi","status":"publish","type":"product","link":"https:\/\/www.balsan.com.tr\/en\/product\/ford-atom-yag-filtre-kapagi\/","title":{"rendered":"Ford Atom Oil Filter Cover"},"content":{"rendered":"<p>\u00dcr\u00fcn A\u00e7\u0131klamas\u0131<\/p>","protected":false},"excerpt":{"rendered":"<table class=\"product-info-table\">\n<tbody>\n<tr>\n<td><strong>Code<\/strong><\/td>\n<td>54217<\/td>\n<\/tr>\n<tr>\n<td><strong>Orj. No<\/strong><\/td>\n<td><\/td>\n<\/tr>\n<tr>\n<td><strong>Model<\/strong><\/td>\n<td>FORD<\/td>\n<\/tr>\n<\/tbody>\n<\/table>","protected":false},"featured_media":20285,"comment_status":"open","ping_status":"closed","template":"","meta":[],"product_brand":[],"product_cat":[86],"product_tag":[],"class_list":{"0":"post-20154","1":"product","2":"type-product","3":"status-publish","4":"has-post-thumbnail","6":"product_cat-ford","8":"first","9":"outofstock","10":"shipping-taxable","11":"product-type-simple"},"_links":{"self":[{"href":"https:\/\/www.balsan.com.tr\/en\/wp-json\/wp\/v2\/product\/20154","targetHints":{"allow":["GET"]}}],"collection":[{"href":"https:\/\/www.balsan.com.tr\/en\/wp-json\/wp\/v2\/product"}],"about":[{"href":"https:\/\/www.balsan.com.tr\/en\/wp-json\/wp\/v2\/types\/product"}],"replies":[{"embeddable":true,"href":"https:\/\/www.balsan.com.tr\/en\/wp-json\/wp\/v2\/comments?post=20154"}],"version-history":[{"count":1,"href":"https:\/\/www.balsan.com.tr\/en\/wp-json\/wp\/v2\/product\/20154\/revisions"}],"predecessor-version":[{"id":20155,"href":"https:\/\/www.balsan.com.tr\/en\/wp-json\/wp\/v2\/product\/20154\/revisions\/20155"}],"wp:featuredmedia":[{"embeddable":true,"href":"https:\/\/www.balsan.com.tr\/en\/wp-json\/wp\/v2\/media\/20285"}],"wp:attachment":[{"href":"https:\/\/www.balsan.com.tr\/en\/wp-json\/wp\/v2\/media?parent=20154"}],"wp:term":[{"taxonomy":"product_brand","embeddable":true,"href":"https:\/\/www.balsan.com.tr\/en\/wp-json\/wp\/v2\/product_brand?post=20154"},{"taxonomy":"product_cat","embeddable":true,"href":"https:\/\/www.balsan.com.tr\/en\/wp-json\/wp\/v2\/product_cat?post=20154"},{"taxonomy":"product_tag","embeddable":true,"href":"https:\/\/www.balsan.com.tr\/en\/wp-json\/wp\/v2\/product_tag?post=20154"}],"curies":[{"name":"wp","href":"https:\/\/api.w.org\/{rel}","templated":true}]}}