{"id":20133,"date":"2025-11-28T20:49:23","date_gmt":"2025-11-28T17:49:23","guid":{"rendered":"https:\/\/www.balsan.com.tr\/?post_type=product&#038;p=20133"},"modified":"2025-11-29T16:27:33","modified_gmt":"2025-11-29T13:27:33","slug":"cift-mazot-filtre-komple-ford","status":"publish","type":"product","link":"https:\/\/www.balsan.com.tr\/en\/product\/cift-mazot-filtre-komple-ford\/","title":{"rendered":"Complete Dual Diesel Filter Assembly"},"content":{"rendered":"<p>\u00dcr\u00fcn A\u00e7\u0131klamas\u0131<\/p>","protected":false},"excerpt":{"rendered":"<table class=\"product-info-table\">\n<tbody>\n<tr>\n<td><strong>Code<\/strong><\/td>\n<td>54205<\/td>\n<\/tr>\n<tr>\n<td><strong>Orj. No<\/strong><\/td>\n<td>EBPN9N166AA<\/td>\n<\/tr>\n<tr>\n<td><strong>Model<\/strong><\/td>\n<td>FORDSON Inlet 1\/2&#8221; 20 UNF<\/td>\n<\/tr>\n<\/tbody>\n<\/table>","protected":false},"featured_media":20290,"comment_status":"open","ping_status":"closed","template":"","meta":[],"product_brand":[],"product_cat":[86],"product_tag":[],"class_list":{"0":"post-20133","1":"product","2":"type-product","3":"status-publish","4":"has-post-thumbnail","6":"product_cat-ford","8":"first","9":"outofstock","10":"shipping-taxable","11":"product-type-simple"},"_links":{"self":[{"href":"https:\/\/www.balsan.com.tr\/en\/wp-json\/wp\/v2\/product\/20133","targetHints":{"allow":["GET"]}}],"collection":[{"href":"https:\/\/www.balsan.com.tr\/en\/wp-json\/wp\/v2\/product"}],"about":[{"href":"https:\/\/www.balsan.com.tr\/en\/wp-json\/wp\/v2\/types\/product"}],"replies":[{"embeddable":true,"href":"https:\/\/www.balsan.com.tr\/en\/wp-json\/wp\/v2\/comments?post=20133"}],"version-history":[{"count":1,"href":"https:\/\/www.balsan.com.tr\/en\/wp-json\/wp\/v2\/product\/20133\/revisions"}],"predecessor-version":[{"id":20134,"href":"https:\/\/www.balsan.com.tr\/en\/wp-json\/wp\/v2\/product\/20133\/revisions\/20134"}],"wp:featuredmedia":[{"embeddable":true,"href":"https:\/\/www.balsan.com.tr\/en\/wp-json\/wp\/v2\/media\/20290"}],"wp:attachment":[{"href":"https:\/\/www.balsan.com.tr\/en\/wp-json\/wp\/v2\/media?parent=20133"}],"wp:term":[{"taxonomy":"product_brand","embeddable":true,"href":"https:\/\/www.balsan.com.tr\/en\/wp-json\/wp\/v2\/product_brand?post=20133"},{"taxonomy":"product_cat","embeddable":true,"href":"https:\/\/www.balsan.com.tr\/en\/wp-json\/wp\/v2\/product_cat?post=20133"},{"taxonomy":"product_tag","embeddable":true,"href":"https:\/\/www.balsan.com.tr\/en\/wp-json\/wp\/v2\/product_tag?post=20133"}],"curies":[{"name":"wp","href":"https:\/\/api.w.org\/{rel}","templated":true}]}}