{"id":20094,"date":"2025-11-28T18:04:56","date_gmt":"2025-11-28T15:04:56","guid":{"rendered":"https:\/\/www.balsan.com.tr\/?post_type=product&#038;p=20094"},"modified":"2025-11-29T15:09:43","modified_gmt":"2025-11-29T12:09:43","slug":"mazot-filtre-ust-kapak-tekli-atom-tipi","status":"publish","type":"product","link":"https:\/\/www.balsan.com.tr\/en\/product\/mazot-filtre-ust-kapak-tekli-atom-tipi\/","title":{"rendered":"Fuel Filter Top Cover Single - Atom Type"},"content":{"rendered":"<p>\u00dcr\u00fcn A\u00e7\u0131klamas\u0131<\/p>","protected":false},"excerpt":{"rendered":"<table class=\"product-info-table\">\n<tbody>\n<tr>\n<td><strong>Code<\/strong><\/td>\n<td>54301<\/td>\n<\/tr>\n<tr>\n<td><strong>Orj. No<\/strong><\/td>\n<td><\/td>\n<\/tr>\n<tr>\n<td><strong>Model<\/strong><\/td>\n<td>CAT<\/td>\n<\/tr>\n<\/tbody>\n<\/table>","protected":false},"featured_media":20241,"comment_status":"open","ping_status":"closed","template":"","meta":[],"product_brand":[],"product_cat":[89],"product_tag":[37],"class_list":{"0":"post-20094","1":"product","2":"type-product","3":"status-publish","4":"has-post-thumbnail","6":"product_cat-cat","7":"product_tag-handcrafted","9":"first","10":"outofstock","11":"shipping-taxable","12":"product-type-simple"},"_links":{"self":[{"href":"https:\/\/www.balsan.com.tr\/en\/wp-json\/wp\/v2\/product\/20094","targetHints":{"allow":["GET"]}}],"collection":[{"href":"https:\/\/www.balsan.com.tr\/en\/wp-json\/wp\/v2\/product"}],"about":[{"href":"https:\/\/www.balsan.com.tr\/en\/wp-json\/wp\/v2\/types\/product"}],"replies":[{"embeddable":true,"href":"https:\/\/www.balsan.com.tr\/en\/wp-json\/wp\/v2\/comments?post=20094"}],"version-history":[{"count":2,"href":"https:\/\/www.balsan.com.tr\/en\/wp-json\/wp\/v2\/product\/20094\/revisions"}],"predecessor-version":[{"id":20230,"href":"https:\/\/www.balsan.com.tr\/en\/wp-json\/wp\/v2\/product\/20094\/revisions\/20230"}],"wp:featuredmedia":[{"embeddable":true,"href":"https:\/\/www.balsan.com.tr\/en\/wp-json\/wp\/v2\/media\/20241"}],"wp:attachment":[{"href":"https:\/\/www.balsan.com.tr\/en\/wp-json\/wp\/v2\/media?parent=20094"}],"wp:term":[{"taxonomy":"product_brand","embeddable":true,"href":"https:\/\/www.balsan.com.tr\/en\/wp-json\/wp\/v2\/product_brand?post=20094"},{"taxonomy":"product_cat","embeddable":true,"href":"https:\/\/www.balsan.com.tr\/en\/wp-json\/wp\/v2\/product_cat?post=20094"},{"taxonomy":"product_tag","embeddable":true,"href":"https:\/\/www.balsan.com.tr\/en\/wp-json\/wp\/v2\/product_tag?post=20094"}],"curies":[{"name":"wp","href":"https:\/\/api.w.org\/{rel}","templated":true}]}}