{"id":20085,"date":"2025-11-28T17:58:21","date_gmt":"2025-11-28T14:58:21","guid":{"rendered":"https:\/\/www.balsan.com.tr\/?post_type=product&#038;p=20085"},"modified":"2025-11-29T15:23:25","modified_gmt":"2025-11-29T12:23:25","slug":"yeni-model-mazot-filtre-komple-su-tuzagi","status":"publish","type":"product","link":"https:\/\/www.balsan.com.tr\/en\/product\/yeni-model-mazot-filtre-komple-su-tuzagi\/","title":{"rendered":"New Model Complete Diesel Filter with Water Trap"},"content":{"rendered":"<p>\u00dcr\u00fcn A\u00e7\u0131klamas\u0131<\/p>","protected":false},"excerpt":{"rendered":"<table class=\"product-info-table\">\n<tbody>\n<tr>\n<td><strong>Code<\/strong><\/td>\n<td>54062<\/td>\n<\/tr>\n<tr>\n<td><strong>Orj. No<\/strong><\/td>\n<td>54062<\/td>\n<\/tr>\n<tr>\n<td><strong>Model<\/strong><\/td>\n<td>VAMO MOTOR Inlet \/ Outlet M12x1.25<\/td>\n<\/tr>\n<\/tbody>\n<\/table>","protected":false},"featured_media":20265,"comment_status":"open","ping_status":"closed","template":"","meta":[],"product_brand":[],"product_cat":[84],"product_tag":[],"class_list":{"0":"post-20085","1":"product","2":"type-product","3":"status-publish","4":"has-post-thumbnail","6":"product_cat-balkancar","8":"first","9":"outofstock","10":"shipping-taxable","11":"product-type-simple"},"_links":{"self":[{"href":"https:\/\/www.balsan.com.tr\/en\/wp-json\/wp\/v2\/product\/20085","targetHints":{"allow":["GET"]}}],"collection":[{"href":"https:\/\/www.balsan.com.tr\/en\/wp-json\/wp\/v2\/product"}],"about":[{"href":"https:\/\/www.balsan.com.tr\/en\/wp-json\/wp\/v2\/types\/product"}],"replies":[{"embeddable":true,"href":"https:\/\/www.balsan.com.tr\/en\/wp-json\/wp\/v2\/comments?post=20085"}],"version-history":[{"count":2,"href":"https:\/\/www.balsan.com.tr\/en\/wp-json\/wp\/v2\/product\/20085\/revisions"}],"predecessor-version":[{"id":20089,"href":"https:\/\/www.balsan.com.tr\/en\/wp-json\/wp\/v2\/product\/20085\/revisions\/20089"}],"wp:featuredmedia":[{"embeddable":true,"href":"https:\/\/www.balsan.com.tr\/en\/wp-json\/wp\/v2\/media\/20265"}],"wp:attachment":[{"href":"https:\/\/www.balsan.com.tr\/en\/wp-json\/wp\/v2\/media?parent=20085"}],"wp:term":[{"taxonomy":"product_brand","embeddable":true,"href":"https:\/\/www.balsan.com.tr\/en\/wp-json\/wp\/v2\/product_brand?post=20085"},{"taxonomy":"product_cat","embeddable":true,"href":"https:\/\/www.balsan.com.tr\/en\/wp-json\/wp\/v2\/product_cat?post=20085"},{"taxonomy":"product_tag","embeddable":true,"href":"https:\/\/www.balsan.com.tr\/en\/wp-json\/wp\/v2\/product_tag?post=20085"}],"curies":[{"name":"wp","href":"https:\/\/api.w.org\/{rel}","templated":true}]}}