{"id":20049,"date":"2025-11-28T16:08:20","date_gmt":"2025-11-28T13:08:20","guid":{"rendered":"https:\/\/www.balsan.com.tr\/?post_type=product&#038;p=20049"},"modified":"2025-11-29T16:35:28","modified_gmt":"2025-11-29T13:35:28","slug":"mazot-filtre-alt-cam-bombeli","status":"publish","type":"product","link":"https:\/\/www.balsan.com.tr\/en\/product\/mazot-filtre-alt-cam-bombeli\/","title":{"rendered":"Diesel Fuel Filter Lower Curved Glass"},"content":{"rendered":"<p>\u00dcr\u00fcn A\u00e7\u0131klamas\u0131<\/p>","protected":false},"excerpt":{"rendered":"<table class=\"product-info-table\">\n<tbody>\n<tr>\n<td><strong>Code<\/strong><\/td>\n<td>54013<\/td>\n<\/tr>\n<tr>\n<td><strong>Orj. No<\/strong><\/td>\n<td>7111 \/ 429 &#8211; 26560111<\/td>\n<\/tr>\n<tr>\n<td><strong>Model<\/strong><\/td>\n<td>FIAT &#8211; 50 NC<\/td>\n<\/tr>\n<\/tbody>\n<\/table>","protected":false},"featured_media":20297,"comment_status":"open","ping_status":"closed","template":"","meta":[],"product_brand":[],"product_cat":[79],"product_tag":[],"class_list":{"0":"post-20049","1":"product","2":"type-product","3":"status-publish","4":"has-post-thumbnail","6":"product_cat-fiat","8":"first","9":"outofstock","10":"shipping-taxable","11":"product-type-simple"},"_links":{"self":[{"href":"https:\/\/www.balsan.com.tr\/en\/wp-json\/wp\/v2\/product\/20049","targetHints":{"allow":["GET"]}}],"collection":[{"href":"https:\/\/www.balsan.com.tr\/en\/wp-json\/wp\/v2\/product"}],"about":[{"href":"https:\/\/www.balsan.com.tr\/en\/wp-json\/wp\/v2\/types\/product"}],"replies":[{"embeddable":true,"href":"https:\/\/www.balsan.com.tr\/en\/wp-json\/wp\/v2\/comments?post=20049"}],"version-history":[{"count":1,"href":"https:\/\/www.balsan.com.tr\/en\/wp-json\/wp\/v2\/product\/20049\/revisions"}],"predecessor-version":[{"id":20050,"href":"https:\/\/www.balsan.com.tr\/en\/wp-json\/wp\/v2\/product\/20049\/revisions\/20050"}],"wp:featuredmedia":[{"embeddable":true,"href":"https:\/\/www.balsan.com.tr\/en\/wp-json\/wp\/v2\/media\/20297"}],"wp:attachment":[{"href":"https:\/\/www.balsan.com.tr\/en\/wp-json\/wp\/v2\/media?parent=20049"}],"wp:term":[{"taxonomy":"product_brand","embeddable":true,"href":"https:\/\/www.balsan.com.tr\/en\/wp-json\/wp\/v2\/product_brand?post=20049"},{"taxonomy":"product_cat","embeddable":true,"href":"https:\/\/www.balsan.com.tr\/en\/wp-json\/wp\/v2\/product_cat?post=20049"},{"taxonomy":"product_tag","embeddable":true,"href":"https:\/\/www.balsan.com.tr\/en\/wp-json\/wp\/v2\/product_tag?post=20049"}],"curies":[{"name":"wp","href":"https:\/\/api.w.org\/{rel}","templated":true}]}}