{"id":322,"date":"2023-03-02T16:03:01","date_gmt":"2023-03-02T16:03:01","guid":{"rendered":"http:\/\/localhost\/wp\/furento\/?page_id=322"},"modified":"2025-11-21T17:18:27","modified_gmt":"2025-11-21T14:18:27","slug":"kurumsal","status":"publish","type":"page","link":"https:\/\/www.balsan.com.tr\/en\/corporate\/","title":{"rendered":"Corporate"},"content":{"rendered":"<div data-elementor-type=\"wp-page\" data-elementor-id=\"322\" class=\"elementor elementor-322\">\n\t\t\t\t<div class=\"elementor-element elementor-element-fa1d202 e-flex e-con-boxed e-con e-parent\" data-id=\"fa1d202\" data-element_type=\"container\">\n\t\t\t\t\t<div class=\"e-con-inner\">\n\t\t<div class=\"elementor-element elementor-element-073921f e-con-full e-grid e-con e-child\" data-id=\"073921f\" data-element_type=\"container\">\n\t\t<div class=\"elementor-element elementor-element-22f6e9f e-flex e-con-boxed e-con e-child\" data-id=\"22f6e9f\" data-element_type=\"container\">\n\t\t\t\t\t<div class=\"e-con-inner\">\n\t\t\t\t<div class=\"elementor-element elementor-element-17813d7 e-transform elementor-invisible elementor-widget elementor-widget-image\" data-id=\"17813d7\" data-element_type=\"widget\" data-settings=\"{&quot;_animation&quot;:&quot;rotateInUpLeft&quot;,&quot;_transform_rotateZ_effect&quot;:{&quot;unit&quot;:&quot;px&quot;,&quot;size&quot;:10,&quot;sizes&quot;:[]},&quot;_transform_rotateZ_effect_mobile&quot;:{&quot;unit&quot;:&quot;deg&quot;,&quot;size&quot;:10,&quot;sizes&quot;:[]},&quot;_transform_rotateZ_effect_tablet&quot;:{&quot;unit&quot;:&quot;deg&quot;,&quot;size&quot;:&quot;&quot;,&quot;sizes&quot;:[]}}\" data-widget_type=\"image.default\">\n\t\t\t\t\t\t\t\t\t\t\t\t\t\t\t<img fetchpriority=\"high\" decoding=\"async\" width=\"550\" height=\"660\" src=\"https:\/\/www.balsan.com.tr\/wp-content\/uploads\/2025\/11\/hakkimizda1.webp\" class=\"attachment-large size-large wp-image-19478\" alt=\"\" srcset=\"https:\/\/www.balsan.com.tr\/wp-content\/uploads\/2025\/11\/hakkimizda1.webp 550w, https:\/\/www.balsan.com.tr\/wp-content\/uploads\/2025\/11\/hakkimizda1-250x300.webp 250w\" sizes=\"(max-width: 550px) 100vw, 550px\" \/>\t\t\t\t\t\t\t\t\t\t\t\t\t\t\t<\/div>\n\t\t\t\t\t<\/div>\n\t\t\t\t<\/div>\n\t\t<div class=\"elementor-element elementor-element-371a13d elementor-hidden-tablet elementor-hidden-mobile e-flex e-con-boxed e-con e-child\" data-id=\"371a13d\" data-element_type=\"container\">\n\t\t\t\t\t<div class=\"e-con-inner\">\n\t\t\t\t<div class=\"elementor-element elementor-element-cc6c2ca e-transform elementor-invisible elementor-widget elementor-widget-image\" data-id=\"cc6c2ca\" data-element_type=\"widget\" data-settings=\"{&quot;_animation&quot;:&quot;rotateInDownRight&quot;,&quot;_transform_rotateZ_effect&quot;:{&quot;unit&quot;:&quot;px&quot;,&quot;size&quot;:-18,&quot;sizes&quot;:[]},&quot;_transform_rotateZ_effect_mobile&quot;:{&quot;unit&quot;:&quot;deg&quot;,&quot;size&quot;:-10,&quot;sizes&quot;:[]},&quot;_transform_rotateZ_effect_tablet&quot;:{&quot;unit&quot;:&quot;deg&quot;,&quot;size&quot;:&quot;&quot;,&quot;sizes&quot;:[]}}\" data-widget_type=\"image.default\">\n\t\t\t\t\t\t\t\t\t\t\t\t\t\t\t<img decoding=\"async\" width=\"550\" height=\"660\" src=\"https:\/\/www.balsan.com.tr\/wp-content\/uploads\/2025\/11\/hakkimizda2.webp\" class=\"attachment-large size-large wp-image-19477\" alt=\"\" srcset=\"https:\/\/www.balsan.com.tr\/wp-content\/uploads\/2025\/11\/hakkimizda2.webp 550w, https:\/\/www.balsan.com.tr\/wp-content\/uploads\/2025\/11\/hakkimizda2-250x300.webp 250w\" sizes=\"(max-width: 550px) 100vw, 550px\" \/>\t\t\t\t\t\t\t\t\t\t\t\t\t\t\t<\/div>\n\t\t\t\t\t<\/div>\n\t\t\t\t<\/div>\n\t\t\t\t<\/div>\n\t\t<div class=\"elementor-element elementor-element-c29ba0b e-con-full e-flex e-con e-child\" data-id=\"c29ba0b\" data-element_type=\"container\">\n\t\t\t\t<div class=\"elementor-element elementor-element-a2578b6 elementor-widget elementor-widget-text-editor\" data-id=\"a2578b6\" data-element_type=\"widget\" data-widget_type=\"text-editor.default\">\n\t\t\t\t\t\t\t\t\t<p>BALSAN<\/p>\t\t\t\t\t\t\t\t<\/div>\n\t\t\t\t<div class=\"elementor-element elementor-element-0d8bbe6 elementor-widget elementor-widget-heading\" data-id=\"0d8bbe6\" data-element_type=\"widget\" data-widget_type=\"heading.default\">\n\t\t\t\t\t<h2 class=\"elementor-heading-title elementor-size-default\">About Us<\/h2>\t\t\t\t<\/div>\n\t\t\t\t<div class=\"elementor-element elementor-element-61a7237 elementor-widget elementor-widget-text-editor\" data-id=\"61a7237\" data-element_type=\"widget\" data-widget_type=\"text-editor.default\">\n\t\t\t\t\t\t\t\t\t<p>Founded in 1967 in Sakarya, Balsan Automotive has become a symbol of trust, quality, and innovation in the automotive and spare parts industry with over half a century of experience. Since our establishment, we have continuously improved ourselves by embracing precision, reliability, and on-time production as our core values. We are committed to providing our customers with high-standard solutions every day.<\/p>\n<p>In our 1,200 m2 indoor production facility, we carry out our manufacturing operations using metal injection machines, lathes, milling machines, drills, sandblasting machines, and state-of-the-art CNC lathes, machining centers, and tapping centers. We proudly serve the industry and our brand with high-quality production in areas such as tractor spare parts, custom manufacturing, contract manufacturing, and tailor-made mold production.<\/p>\n<p>We have structured our brand and quality management system to prioritize maximum customer satisfaction. Within the framework of the ISO 9001 Quality Management System, we continuously improve our processes through a riskbased approach, offering innovative solutions that address the needs and expectations of all stakeholders.<\/p>\n<p>To maintain our leading position in the industry, we go beyond delivering high-quality products. We continuously improve all our processes - from production to management - by closely following employee satisfaction, technological advancements, legal regulations, and international standards.\n\nWe remain committed to adding value for our customers, meeting their needs in a reliable, efficient, and timely manner, building strong partner- ships with our collaborators, and making a difference in the industry.<\/p>\n<p>At Balsan Automotive, we are moving confidently toward the future with a vision built on the solid foundations of our past.\n\nWe continuously enhance our R&amp;D and production capabilities to deliver value-added solutions to the industry. Our approach is not only responsive to current needs but also flexible enough to meet the demands of the future. Through our culture of continuous improvement, we strengthen our competitive edge day by day.<\/p>\n<p class=\" translation-block\">By continuously developing our R&amp;D and production capabilities, we continue to produce solutions that add value to the sector. We operate with the flexibility to respond not only to current needs but also to future demands; we enhance our competitive strength through our culture of continuous improvement.<\/p>\t\t\t\t\t\t\t\t<\/div>\n\t\t\t\t<div class=\"elementor-element elementor-element-f76ecfa elementor-mobile-align-center elementor-widget elementor-widget-button\" data-id=\"f76ecfa\" data-element_type=\"widget\" data-widget_type=\"button.default\">\n\t\t\t\t\t\t\t\t\t\t<a class=\"elementor-button elementor-button-link elementor-size-sm\" href=\"https:\/\/www.balsan.com.tr\/en\/contact\/\">\n\t\t\t\t\t\t<span class=\"elementor-button-content-wrapper\">\n\t\t\t\t\t\t<span class=\"elementor-button-icon\">\n\t\t\t\t<svg aria-hidden=\"true\" class=\"e-font-icon-svg e-fas-arrow-right\" viewbox=\"0 0 448 512\" xmlns=\"http:\/\/www.w3.org\/2000\/svg\"><path d=\"M190.5 66.9l22.2-22.2c9.4-9.4 24.6-9.4 33.9 0L441 239c9.4 9.4 9.4 24.6 0 33.9L246.6 467.3c-9.4 9.4-24.6 9.4-33.9 0l-22.2-22.2c-9.5-9.5-9.3-25 .4-34.3L311.4 296H24c-13.3 0-24-10.7-24-24v-32c0-13.3 10.7-24 24-24h287.4L190.9 101.2c-9.8-9.3-10-24.8-.4-34.3z\"><\/path><\/svg>\t\t\t<\/span>\n\t\t\t\t\t\t\t\t\t<span class=\"elementor-button-text\">Get in touch<\/span>\n\t\t\t\t\t<\/span>\n\t\t\t\t\t<\/a>\n\t\t\t\t\t\t\t\t<\/div>\n\t\t\t\t<\/div>\n\t\t\t\t\t<\/div>\n\t\t\t\t<\/div>\n\t\t\t\t<\/div>","protected":false},"excerpt":{"rendered":"<p>BALSAN Hakk\u0131m\u0131zda 1967 y\u0131l\u0131nda Sakarya&#8217;da kurulan Balsan Otomotiv, yar\u0131m asr\u0131 a\u015fk\u0131n tecr\u00fcbesiyle otomotiv ve yedek par\u00e7a sekt\u00f6r\u00fcnde g\u00fcvenin, kalitenin ve yenili\u011fin simgesi haline gelmi\u015ftir. Kurulu\u015fumuzdan bu yana, hassasiyet, g\u00fcven ve zaman\u0131nda \u00fcretim anlay\u0131\u015f\u0131n\u0131 temel alarak her ge\u00e7en g\u00fcn kendimizi geli\u015ftiriyor; m\u00fc\u015fterilerimize y\u00fcksek standartlarda \u00e7\u00f6z\u00fcmler sunmay\u0131 ilke ediniyoruz. 1.200 m2 kapal\u0131 alana sahip \u00fcretim tesisimizde; metal &hellip; <br \/><a href=\"https:\/\/www.balsan.com.tr\/en\/corporate\/\" class=\"more-link\">Continue reading <span class=\"screen-reader-text\">Corporate<\/span><\/a><\/p>","protected":false},"author":1,"featured_media":0,"parent":0,"menu_order":0,"comment_status":"closed","ping_status":"closed","template":"","meta":{"footnotes":""},"class_list":["post-322","page","type-page","status-publish","hentry"],"_links":{"self":[{"href":"https:\/\/www.balsan.com.tr\/en\/wp-json\/wp\/v2\/pages\/322","targetHints":{"allow":["GET"]}}],"collection":[{"href":"https:\/\/www.balsan.com.tr\/en\/wp-json\/wp\/v2\/pages"}],"about":[{"href":"https:\/\/www.balsan.com.tr\/en\/wp-json\/wp\/v2\/types\/page"}],"author":[{"embeddable":true,"href":"https:\/\/www.balsan.com.tr\/en\/wp-json\/wp\/v2\/users\/1"}],"replies":[{"embeddable":true,"href":"https:\/\/www.balsan.com.tr\/en\/wp-json\/wp\/v2\/comments?post=322"}],"version-history":[{"count":38,"href":"https:\/\/www.balsan.com.tr\/en\/wp-json\/wp\/v2\/pages\/322\/revisions"}],"predecessor-version":[{"id":19787,"href":"https:\/\/www.balsan.com.tr\/en\/wp-json\/wp\/v2\/pages\/322\/revisions\/19787"}],"wp:attachment":[{"href":"https:\/\/www.balsan.com.tr\/en\/wp-json\/wp\/v2\/media?parent=322"}],"curies":[{"name":"wp","href":"https:\/\/api.w.org\/{rel}","templated":true}]}}