{"id":19868,"date":"2025-11-22T14:10:38","date_gmt":"2025-11-22T11:10:38","guid":{"rendered":"https:\/\/balsan.com.tr\/?page_id=19868"},"modified":"2025-11-26T02:38:06","modified_gmt":"2025-11-25T23:38:06","slug":"balsan-360","status":"publish","type":"page","link":"https:\/\/www.balsan.com.tr\/en\/balsan-360\/","title":{"rendered":"Balsan 360"},"content":{"rendered":"<div data-elementor-type=\"wp-page\" data-elementor-id=\"19868\" class=\"elementor elementor-19868\">\n\t\t\t\t<div class=\"elementor-element elementor-element-23b4322 e-flex e-con-boxed e-con e-parent\" data-id=\"23b4322\" data-element_type=\"container\">\n\t\t\t\t\t<div class=\"e-con-inner\">\n\t\t<div class=\"elementor-element elementor-element-a4537fe e-con-full e-grid e-con e-child\" data-id=\"a4537fe\" data-element_type=\"container\">\n\t\t<div class=\"elementor-element elementor-element-5f3245b e-flex e-con-boxed e-con e-child\" data-id=\"5f3245b\" data-element_type=\"container\">\n\t\t\t\t\t<div class=\"e-con-inner\">\n\t\t\t\t<div class=\"elementor-element elementor-element-f016a81 e-transform elementor-invisible elementor-widget elementor-widget-image\" data-id=\"f016a81\" data-element_type=\"widget\" data-settings=\"{&quot;_animation&quot;:&quot;rotateInUpLeft&quot;,&quot;_transform_rotateZ_effect&quot;:{&quot;unit&quot;:&quot;px&quot;,&quot;size&quot;:10,&quot;sizes&quot;:[]},&quot;_transform_rotateZ_effect_mobile&quot;:{&quot;unit&quot;:&quot;deg&quot;,&quot;size&quot;:10,&quot;sizes&quot;:[]},&quot;_transform_rotateZ_effect_tablet&quot;:{&quot;unit&quot;:&quot;deg&quot;,&quot;size&quot;:&quot;&quot;,&quot;sizes&quot;:[]}}\" data-widget_type=\"image.default\">\n\t\t\t\t\t\t\t\t\t\t\t\t\t\t\t<img fetchpriority=\"high\" decoding=\"async\" width=\"660\" height=\"440\" src=\"https:\/\/www.balsan.com.tr\/wp-content\/uploads\/2025\/11\/Talasli-Imalat-Nedir-1-1024x682.jpg\" class=\"attachment-large size-large wp-image-20001\" alt=\"\" srcset=\"https:\/\/www.balsan.com.tr\/wp-content\/uploads\/2025\/11\/Talasli-Imalat-Nedir-1-1024x682.jpg 1024w, https:\/\/www.balsan.com.tr\/wp-content\/uploads\/2025\/11\/Talasli-Imalat-Nedir-1-300x200.jpg 300w, https:\/\/www.balsan.com.tr\/wp-content\/uploads\/2025\/11\/Talasli-Imalat-Nedir-1-768x511.jpg 768w, https:\/\/www.balsan.com.tr\/wp-content\/uploads\/2025\/11\/Talasli-Imalat-Nedir-1-600x400.jpg 600w, https:\/\/www.balsan.com.tr\/wp-content\/uploads\/2025\/11\/Talasli-Imalat-Nedir-1.jpg 1386w\" sizes=\"(max-width: 660px) 100vw, 660px\" \/>\t\t\t\t\t\t\t\t\t\t\t\t\t\t\t<\/div>\n\t\t\t\t\t<\/div>\n\t\t\t\t<\/div>\n\t\t\t\t<\/div>\n\t\t<div class=\"elementor-element elementor-element-2aae090 e-con-full e-flex e-con e-child\" data-id=\"2aae090\" data-element_type=\"container\">\n\t\t\t\t<div class=\"elementor-element elementor-element-7e23034 elementor-widget elementor-widget-text-editor\" data-id=\"7e23034\" data-element_type=\"widget\" data-widget_type=\"text-editor.default\">\n\t\t\t\t\t\t\t\t\t<p>BALSAN<\/p>\t\t\t\t\t\t\t\t<\/div>\n\t\t\t\t<div class=\"elementor-element elementor-element-0ac1fab elementor-widget elementor-widget-heading\" data-id=\"0ac1fab\" data-element_type=\"widget\" data-widget_type=\"heading.default\">\n\t\t\t\t\t<h2 class=\"elementor-heading-title elementor-size-default\">Manifacturing<\/h2>\t\t\t\t<\/div>\n\t\t\t\t<div class=\"elementor-element elementor-element-0137c8e elementor-widget elementor-widget-text-editor\" data-id=\"0137c8e\" data-element_type=\"widget\" data-widget_type=\"text-editor.default\">\n\t\t\t\t\t\t\t\t\t<p>Currently, we produce 70 different products under our own brand in the tractor industry. In addition, our manufacturing processes are carried out with flexibility according to customer demands; we cater to both high-volume orders and small-scale special requests.<\/p><p>We also provide contract manufacturing services for spare parts production. Within our customer-focused manufacturing philosophy, we place great importance on techni- cal details and quality standards.<\/p>\t\t\t\t\t\t\t\t<\/div>\n\t\t\t\t<\/div>\n\t\t\t\t\t<\/div>\n\t\t\t\t<\/div>\n\t\t<div class=\"elementor-element elementor-element-94e8103 e-flex e-con-boxed e-con e-parent\" data-id=\"94e8103\" data-element_type=\"container\">\n\t\t\t\t\t<div class=\"e-con-inner\">\n\t\t<div class=\"elementor-element elementor-element-a980f8f e-con-full e-grid e-con e-child\" data-id=\"a980f8f\" data-element_type=\"container\">\n\t\t<div class=\"elementor-element elementor-element-8181317 e-flex e-con-boxed e-con e-child\" data-id=\"8181317\" data-element_type=\"container\">\n\t\t\t\t\t<div class=\"e-con-inner\">\n\t\t\t\t<div class=\"elementor-element elementor-element-0f449c4 e-transform elementor-invisible elementor-widget elementor-widget-image\" data-id=\"0f449c4\" data-element_type=\"widget\" data-settings=\"{&quot;_animation&quot;:&quot;rotateInUpLeft&quot;,&quot;_transform_rotateZ_effect&quot;:{&quot;unit&quot;:&quot;px&quot;,&quot;size&quot;:10,&quot;sizes&quot;:[]},&quot;_transform_rotateZ_effect_mobile&quot;:{&quot;unit&quot;:&quot;deg&quot;,&quot;size&quot;:10,&quot;sizes&quot;:[]},&quot;_transform_rotateZ_effect_tablet&quot;:{&quot;unit&quot;:&quot;deg&quot;,&quot;size&quot;:&quot;&quot;,&quot;sizes&quot;:[]}}\" data-widget_type=\"image.default\">\n\t\t\t\t\t\t\t\t\t\t\t\t\t\t\t<img decoding=\"async\" width=\"660\" height=\"440\" src=\"https:\/\/www.balsan.com.tr\/wp-content\/uploads\/2025\/11\/hedeflerimiz-eeca7a82.jpeg\" class=\"attachment-large size-large wp-image-20003\" alt=\"\" srcset=\"https:\/\/www.balsan.com.tr\/wp-content\/uploads\/2025\/11\/hedeflerimiz-eeca7a82.jpeg 900w, https:\/\/www.balsan.com.tr\/wp-content\/uploads\/2025\/11\/hedeflerimiz-eeca7a82-300x200.jpeg 300w, https:\/\/www.balsan.com.tr\/wp-content\/uploads\/2025\/11\/hedeflerimiz-eeca7a82-768x512.jpeg 768w, https:\/\/www.balsan.com.tr\/wp-content\/uploads\/2025\/11\/hedeflerimiz-eeca7a82-600x400.jpeg 600w\" sizes=\"(max-width: 660px) 100vw, 660px\" \/>\t\t\t\t\t\t\t\t\t\t\t\t\t\t\t<\/div>\n\t\t\t\t\t<\/div>\n\t\t\t\t<\/div>\n\t\t\t\t<\/div>\n\t\t<div class=\"elementor-element elementor-element-6d22914 e-con-full e-flex e-con e-child\" data-id=\"6d22914\" data-element_type=\"container\">\n\t\t\t\t<div class=\"elementor-element elementor-element-1418163 elementor-widget elementor-widget-text-editor\" data-id=\"1418163\" data-element_type=\"widget\" data-widget_type=\"text-editor.default\">\n\t\t\t\t\t\t\t\t\t<p>BALSAN<\/p>\t\t\t\t\t\t\t\t<\/div>\n\t\t\t\t<div class=\"elementor-element elementor-element-20fb4cb elementor-widget elementor-widget-heading\" data-id=\"20fb4cb\" data-element_type=\"widget\" data-widget_type=\"heading.default\">\n\t\t\t\t\t<h2 class=\"elementor-heading-title elementor-size-default\">Our Goals<\/h2>\t\t\t\t<\/div>\n\t\t\t\t<div class=\"elementor-element elementor-element-6dde3cb elementor-widget elementor-widget-text-editor\" data-id=\"6dde3cb\" data-element_type=\"widget\" data-widget_type=\"text-editor.default\">\n\t\t\t\t\t\t\t\t\t<p>Our product portfolio includes 70 different tractor and forklift spare parts manufactured under our own brand. Thanks to our flexible production capacity, we are well-equipped to handle both large- and small-scale orders.<\/p><p>Prioritizing customer satisfaction, our primary goal is to deliver high-quality, on-time prod- ucts tailored to specific needs. BALSAN also holds a strong position in con- tract manufacturing and aims to extend its industry leadership into international markets.<\/p>\t\t\t\t\t\t\t\t<\/div>\n\t\t\t\t<\/div>\n\t\t\t\t\t<\/div>\n\t\t\t\t<\/div>\n\t\t<div class=\"elementor-element elementor-element-d346f83 e-flex e-con-boxed e-con e-parent\" data-id=\"d346f83\" data-element_type=\"container\">\n\t\t\t\t\t<div class=\"e-con-inner\">\n\t\t<div class=\"elementor-element elementor-element-ca0ceac e-con-full e-grid e-con e-child\" data-id=\"ca0ceac\" data-element_type=\"container\">\n\t\t<div class=\"elementor-element elementor-element-c6d763b e-flex e-con-boxed e-con e-child\" data-id=\"c6d763b\" data-element_type=\"container\">\n\t\t\t\t\t<div class=\"e-con-inner\">\n\t\t\t\t<div class=\"elementor-element elementor-element-410e009 e-transform elementor-invisible elementor-widget elementor-widget-image\" data-id=\"410e009\" data-element_type=\"widget\" data-settings=\"{&quot;_animation&quot;:&quot;rotateInUpLeft&quot;,&quot;_transform_rotateZ_effect&quot;:{&quot;unit&quot;:&quot;px&quot;,&quot;size&quot;:10,&quot;sizes&quot;:[]},&quot;_transform_rotateZ_effect_mobile&quot;:{&quot;unit&quot;:&quot;deg&quot;,&quot;size&quot;:10,&quot;sizes&quot;:[]},&quot;_transform_rotateZ_effect_tablet&quot;:{&quot;unit&quot;:&quot;deg&quot;,&quot;size&quot;:&quot;&quot;,&quot;sizes&quot;:[]}}\" data-widget_type=\"image.default\">\n\t\t\t\t\t\t\t\t\t\t\t\t\t\t\t<img decoding=\"async\" width=\"660\" height=\"371\" src=\"https:\/\/www.balsan.com.tr\/wp-content\/uploads\/2025\/11\/finans-sektorunde-karlilik-beklentileri-zayifladi-ta54-1024x576.webp\" class=\"attachment-large size-large wp-image-20004\" alt=\"\" srcset=\"https:\/\/www.balsan.com.tr\/wp-content\/uploads\/2025\/11\/finans-sektorunde-karlilik-beklentileri-zayifladi-ta54-1024x576.webp 1024w, https:\/\/www.balsan.com.tr\/wp-content\/uploads\/2025\/11\/finans-sektorunde-karlilik-beklentileri-zayifladi-ta54-300x169.webp 300w, https:\/\/www.balsan.com.tr\/wp-content\/uploads\/2025\/11\/finans-sektorunde-karlilik-beklentileri-zayifladi-ta54-768x432.webp 768w, https:\/\/www.balsan.com.tr\/wp-content\/uploads\/2025\/11\/finans-sektorunde-karlilik-beklentileri-zayifladi-ta54-600x338.webp 600w, https:\/\/www.balsan.com.tr\/wp-content\/uploads\/2025\/11\/finans-sektorunde-karlilik-beklentileri-zayifladi-ta54.webp 1280w\" sizes=\"(max-width: 660px) 100vw, 660px\" \/>\t\t\t\t\t\t\t\t\t\t\t\t\t\t\t<\/div>\n\t\t\t\t\t<\/div>\n\t\t\t\t<\/div>\n\t\t\t\t<\/div>\n\t\t<div class=\"elementor-element elementor-element-db3f64b e-con-full e-flex e-con e-child\" data-id=\"db3f64b\" data-element_type=\"container\">\n\t\t\t\t<div class=\"elementor-element elementor-element-3e1f0d4 elementor-widget elementor-widget-text-editor\" data-id=\"3e1f0d4\" data-element_type=\"widget\" data-widget_type=\"text-editor.default\">\n\t\t\t\t\t\t\t\t\t<p>BALSAN<\/p>\t\t\t\t\t\t\t\t<\/div>\n\t\t\t\t<div class=\"elementor-element elementor-element-5709016 elementor-widget elementor-widget-heading\" data-id=\"5709016\" data-element_type=\"widget\" data-widget_type=\"heading.default\">\n\t\t\t\t\t<h2 class=\"elementor-heading-title elementor-size-default\">Sectors<\/h2>\t\t\t\t<\/div>\n\t\t\t\t<div class=\"elementor-element elementor-element-5b238a6 elementor-widget elementor-widget-text-editor\" data-id=\"5b238a6\" data-element_type=\"widget\" data-widget_type=\"text-editor.default\">\n\t\t\t\t\t\t\t\t\t<p>BALSAN operates across various sectors such as tractor, automotive, and defense industries,\nproducing customized spare parts tailored for each field.<br \/>sekt\u00f6r i\u00e7in \u00f6zelle\u015ftirilmi\u015f yedek par\u00e7alar \u00fcretmektedir.<\/p><p>In the tractor sector, we manufacture parts for agricultural machinery; in the automotive and defense industries, we produce critical components for military systems, serving a broad indus- trial spectrum.<\/p><p>Every product we manufacture meets high standards of reliability, durability, and performance.<\/p>\t\t\t\t\t\t\t\t<\/div>\n\t\t\t\t<\/div>\n\t\t\t\t\t<\/div>\n\t\t\t\t<\/div>\n\t\t<div class=\"elementor-element elementor-element-229316b e-flex e-con-boxed e-con e-parent\" data-id=\"229316b\" data-element_type=\"container\">\n\t\t\t\t\t<div class=\"e-con-inner\">\n\t\t<div class=\"elementor-element elementor-element-c1d1f80 e-con-full e-grid e-con e-child\" data-id=\"c1d1f80\" data-element_type=\"container\">\n\t\t<div class=\"elementor-element elementor-element-eef80a1 e-flex e-con-boxed e-con e-child\" data-id=\"eef80a1\" data-element_type=\"container\">\n\t\t\t\t\t<div class=\"e-con-inner\">\n\t\t\t\t<div class=\"elementor-element elementor-element-2b21040 e-transform elementor-invisible elementor-widget elementor-widget-image\" data-id=\"2b21040\" data-element_type=\"widget\" data-settings=\"{&quot;_animation&quot;:&quot;rotateInUpLeft&quot;,&quot;_transform_rotateZ_effect&quot;:{&quot;unit&quot;:&quot;px&quot;,&quot;size&quot;:10,&quot;sizes&quot;:[]},&quot;_transform_rotateZ_effect_mobile&quot;:{&quot;unit&quot;:&quot;deg&quot;,&quot;size&quot;:10,&quot;sizes&quot;:[]},&quot;_transform_rotateZ_effect_tablet&quot;:{&quot;unit&quot;:&quot;deg&quot;,&quot;size&quot;:&quot;&quot;,&quot;sizes&quot;:[]}}\" data-widget_type=\"image.default\">\n\t\t\t\t\t\t\t\t\t\t\t\t\t\t\t<img loading=\"lazy\" decoding=\"async\" width=\"660\" height=\"362\" src=\"https:\/\/www.balsan.com.tr\/wp-content\/uploads\/2025\/11\/Kaynakli-Imalat-Nedir-1024x562.webp\" class=\"attachment-large size-large wp-image-20005\" alt=\"\" srcset=\"https:\/\/www.balsan.com.tr\/wp-content\/uploads\/2025\/11\/Kaynakli-Imalat-Nedir-1024x562.webp 1024w, https:\/\/www.balsan.com.tr\/wp-content\/uploads\/2025\/11\/Kaynakli-Imalat-Nedir-300x165.webp 300w, https:\/\/www.balsan.com.tr\/wp-content\/uploads\/2025\/11\/Kaynakli-Imalat-Nedir-768x421.webp 768w, https:\/\/www.balsan.com.tr\/wp-content\/uploads\/2025\/11\/Kaynakli-Imalat-Nedir-600x329.webp 600w, https:\/\/www.balsan.com.tr\/wp-content\/uploads\/2025\/11\/Kaynakli-Imalat-Nedir.webp 1429w\" sizes=\"(max-width: 660px) 100vw, 660px\" \/>\t\t\t\t\t\t\t\t\t\t\t\t\t\t\t<\/div>\n\t\t\t\t\t<\/div>\n\t\t\t\t<\/div>\n\t\t\t\t<\/div>\n\t\t<div class=\"elementor-element elementor-element-189085b e-con-full e-flex e-con e-child\" data-id=\"189085b\" data-element_type=\"container\">\n\t\t\t\t<div class=\"elementor-element elementor-element-a9bc5b3 elementor-widget elementor-widget-text-editor\" data-id=\"a9bc5b3\" data-element_type=\"widget\" data-widget_type=\"text-editor.default\">\n\t\t\t\t\t\t\t\t\t<p>BALSAN<\/p>\t\t\t\t\t\t\t\t<\/div>\n\t\t\t\t<div class=\"elementor-element elementor-element-44482be elementor-widget elementor-widget-heading\" data-id=\"44482be\" data-element_type=\"widget\" data-widget_type=\"heading.default\">\n\t\t\t\t\t<h2 class=\"elementor-heading-title elementor-size-default\">Our Product Range<\/h2>\t\t\t\t<\/div>\n\t\t\t\t<div class=\"elementor-element elementor-element-b1cea0b elementor-widget elementor-widget-text-editor\" data-id=\"b1cea0b\" data-element_type=\"widget\" data-widget_type=\"text-editor.default\">\n\t\t\t\t\t\t\t\t\t<p class=\" translation-block\">BALSAN offers a wide range of products in the spare parts sector, with a particular focus on tractor spare parts manufacturing. The company's customer-oriented approach, its stable structure ensuring business continuity, and high quality standards reinforce its reliability in the industry.<\/p><p class=\" translation-block\">BALSAN consistently prioritizes customer satisfaction and delivers innovative solutions aligned with this goal.<\/p>\t\t\t\t\t\t\t\t<\/div>\n\t\t\t\t<\/div>\n\t\t\t\t\t<\/div>\n\t\t\t\t<\/div>\n\t\t\t\t<\/div>","protected":false},"excerpt":{"rendered":"<p>BALSAN \u0130malat H\u00e2lihaz\u0131rda trakt\u00f6r sekt\u00f6r\u00fcnde, kendi markam\u0131zla \u00fcretimini yapt\u0131\u011f\u0131m\u0131z 70 \u00e7e\u015fit \u00fcr\u00fcn bulunmaktad\u0131r. Bunun yan\u0131 s\u0131ra imalatlar\u0131m\u0131z, m\u00fc\u015fteri talepleri do\u011frultusunda esnek \u015fekilde y\u00fcr\u00fct\u00fclmekte; y\u00fcksek miktardaki sipari\u015flere cevap verdi\u011fi gibi, az miktarda gelen \u00f6zel sipari\u015fleri de kar\u015f\u0131lamaktad\u0131r. Yedek par\u00e7a imalatlar\u0131nda fason \u00fcretimler de ger\u00e7ekle\u015ftirilmektedir. M\u00fc\u015fteri odakl\u0131 \u00fcretim anlay\u0131\u015f\u0131m\u0131z \u00e7er\u00e7evesinde, teknik detaylara ve kalite standartlar\u0131na b\u00fcy\u00fck \u00f6nem &hellip; <br \/><a href=\"https:\/\/www.balsan.com.tr\/en\/balsan-360\/\" class=\"more-link\">Continue reading <span class=\"screen-reader-text\">Balsan 360<\/span><\/a><\/p>","protected":false},"author":1,"featured_media":0,"parent":0,"menu_order":0,"comment_status":"closed","ping_status":"closed","template":"","meta":{"footnotes":""},"class_list":["post-19868","page","type-page","status-publish","hentry"],"_links":{"self":[{"href":"https:\/\/www.balsan.com.tr\/en\/wp-json\/wp\/v2\/pages\/19868","targetHints":{"allow":["GET"]}}],"collection":[{"href":"https:\/\/www.balsan.com.tr\/en\/wp-json\/wp\/v2\/pages"}],"about":[{"href":"https:\/\/www.balsan.com.tr\/en\/wp-json\/wp\/v2\/types\/page"}],"author":[{"embeddable":true,"href":"https:\/\/www.balsan.com.tr\/en\/wp-json\/wp\/v2\/users\/1"}],"replies":[{"embeddable":true,"href":"https:\/\/www.balsan.com.tr\/en\/wp-json\/wp\/v2\/comments?post=19868"}],"version-history":[{"count":10,"href":"https:\/\/www.balsan.com.tr\/en\/wp-json\/wp\/v2\/pages\/19868\/revisions"}],"predecessor-version":[{"id":20008,"href":"https:\/\/www.balsan.com.tr\/en\/wp-json\/wp\/v2\/pages\/19868\/revisions\/20008"}],"wp:attachment":[{"href":"https:\/\/www.balsan.com.tr\/en\/wp-json\/wp\/v2\/media?parent=19868"}],"curies":[{"name":"wp","href":"https:\/\/api.w.org\/{rel}","templated":true}]}}