{"id":19845,"date":"2025-11-22T13:50:45","date_gmt":"2025-11-22T10:50:45","guid":{"rendered":"https:\/\/balsan.com.tr\/?page_id=19845"},"modified":"2025-11-26T02:42:25","modified_gmt":"2025-11-25T23:42:25","slug":"yonetim-ve-degerler","status":"publish","type":"page","link":"https:\/\/www.balsan.com.tr\/en\/corporate\/management-and-values\/","title":{"rendered":"Management and Values"},"content":{"rendered":"<div data-elementor-type=\"wp-page\" data-elementor-id=\"19845\" class=\"elementor elementor-19845\">\n\t\t\t\t<div class=\"elementor-element elementor-element-fa1d202 e-flex e-con-boxed e-con e-parent\" data-id=\"fa1d202\" data-element_type=\"container\">\n\t\t\t\t\t<div class=\"e-con-inner\">\n\t\t<div class=\"elementor-element elementor-element-073921f e-con-full e-grid e-con e-child\" data-id=\"073921f\" data-element_type=\"container\">\n\t\t<div class=\"elementor-element elementor-element-22f6e9f e-flex e-con-boxed e-con e-child\" data-id=\"22f6e9f\" data-element_type=\"container\">\n\t\t\t\t\t<div class=\"e-con-inner\">\n\t\t\t\t<div class=\"elementor-element elementor-element-17813d7 e-transform elementor-invisible elementor-widget elementor-widget-image\" data-id=\"17813d7\" data-element_type=\"widget\" data-settings=\"{&quot;_animation&quot;:&quot;rotateInUpLeft&quot;,&quot;_transform_rotateZ_effect&quot;:{&quot;unit&quot;:&quot;px&quot;,&quot;size&quot;:10,&quot;sizes&quot;:[]},&quot;_transform_rotateZ_effect_mobile&quot;:{&quot;unit&quot;:&quot;deg&quot;,&quot;size&quot;:10,&quot;sizes&quot;:[]},&quot;_transform_rotateZ_effect_tablet&quot;:{&quot;unit&quot;:&quot;deg&quot;,&quot;size&quot;:&quot;&quot;,&quot;sizes&quot;:[]}}\" data-widget_type=\"image.default\">\n\t\t\t\t\t\t\t\t\t\t\t\t\t\t\t<img fetchpriority=\"high\" decoding=\"async\" width=\"660\" height=\"457\" src=\"https:\/\/www.balsan.com.tr\/wp-content\/uploads\/2025\/11\/749f6406-b8d3-41d4-a9cd-9b675d10f177.jpg\" class=\"attachment-large size-large wp-image-20017\" alt=\"\" srcset=\"https:\/\/www.balsan.com.tr\/wp-content\/uploads\/2025\/11\/749f6406-b8d3-41d4-a9cd-9b675d10f177.jpg 715w, https:\/\/www.balsan.com.tr\/wp-content\/uploads\/2025\/11\/749f6406-b8d3-41d4-a9cd-9b675d10f177-300x208.jpg 300w, https:\/\/www.balsan.com.tr\/wp-content\/uploads\/2025\/11\/749f6406-b8d3-41d4-a9cd-9b675d10f177-600x415.jpg 600w\" sizes=\"(max-width: 660px) 100vw, 660px\" \/>\t\t\t\t\t\t\t\t\t\t\t\t\t\t\t<\/div>\n\t\t\t\t\t<\/div>\n\t\t\t\t<\/div>\n\t\t\t\t<\/div>\n\t\t<div class=\"elementor-element elementor-element-c29ba0b e-con-full e-flex e-con e-child\" data-id=\"c29ba0b\" data-element_type=\"container\">\n\t\t\t\t<div class=\"elementor-element elementor-element-0d8bbe6 elementor-widget elementor-widget-heading\" data-id=\"0d8bbe6\" data-element_type=\"widget\" data-widget_type=\"heading.default\">\n\t\t\t\t\t<h2 class=\"elementor-heading-title elementor-size-default\">Management<\/h2>\t\t\t\t<\/div>\n\t\t\t\t<div class=\"elementor-element elementor-element-61a7237 elementor-widget elementor-widget-text-editor\" data-id=\"61a7237\" data-element_type=\"widget\" data-widget_type=\"text-editor.default\">\n\t\t\t\t\t\t\t\t\t<p><span style=\"font-weight: 400;\">Balsan Automotive is a family-run business that has been managed with the same vision for four generations. Our management philosophy aims for sustainable growth by combining the experience of the past with the technology of the future.<\/span><\/p><p><span style=\"font-weight: 400;\">Transparency, teamwork and continuous improvement are at the forefront of our decision-making processes. <\/span><span style=\"font-weight: 400;\">Our management team aims to increase efficiency, maintain trust and keep innovation at the heart of our corporate culture at every stage of our work.<\/span><\/p>\t\t\t\t\t\t\t\t<\/div>\n\t\t\t\t<div class=\"elementor-element elementor-element-dcf8b97 elementor-widget elementor-widget-heading\" data-id=\"dcf8b97\" data-element_type=\"widget\" data-widget_type=\"heading.default\">\n\t\t\t\t\t<h2 class=\"elementor-heading-title elementor-size-default\">Our values<\/h2>\t\t\t\t<\/div>\n\t\t\t\t<div class=\"elementor-element elementor-element-bab9ba7 elementor-widget elementor-widget-text-editor\" data-id=\"bab9ba7\" data-element_type=\"widget\" data-widget_type=\"text-editor.default\">\n\t\t\t\t\t\t\t\t\t<p class=\" translation-block\"><b>Balsan Automotive<\/b><span style=\"font-weight: 400\">has been a symbol of trust, hard work and integrity in manufacturing since 1967. <\/span><span style=\"font-weight: 400\">The most important elements that keep the Balsan name alive are: <\/span><b>keeping our word, producing high-quality goods and maintaining respect at every step.<\/p><p><span style=\"font-weight: 400;\">For us, reputation comes before business. Because reputation is what makes business sustainable. <\/span><span style=\"font-weight: 400;\">All of Balsan Automotive's values are based on this understanding, and every employee under the Balsan umbrella is responsible for upholding these values.<\/span><\/p><h3><span style=\"color: #032543;\"><b>Trust<\/b><\/span><\/h3><p><span style=\"font-weight: 400;\">Trust is the foundation of Balsan. Acting transparently, fairly and consistently towards our customers, business partners and employees is our top priority.<\/span><\/p><h3><span style=\"color: #032543;\"><b>Quality<\/b><\/span><\/h3><p><span style=\"font-weight: 400;\">We strive for perfection in every detail of our work.<\/span><span style=\"font-weight: 400;\"><br \/><\/span><span style=\"font-weight: 400;\">Every part we produce reflects our more than 50 years of experience and commitment to quality.<\/span><\/p><h3><span style=\"color: #032543;\"><b>Human Value<\/b><\/span><\/h3><p><span style=\"font-weight: 400;\">People are at the heart of success.<\/span><span style=\"font-weight: 400;\"><br \/><\/span><span style=\"font-weight: 400;\">We operate with an approach that prioritises the wellbeing of our employees, customers and society.<\/span><\/p><h3><span style=\"color: #032543;\"><b>Innovation<\/b><\/span><\/h3><p><span style=\"font-weight: 400;\">Balsan combines the experience of the past with the technology of the future.<\/span><span style=\"font-weight: 400;\"><br \/><\/span><span style=\"font-weight: 400;\">We support continuous development and develop innovative solutions in production processes.<\/span><\/p><h3><span style=\"color: #032543;\"><b>Responsibility\u00a0<\/b><\/span><\/h3><p><span style=\"font-weight: 400;\">We are conscious of our responsibility towards society, the environment and our country.<\/span><span style=\"font-weight: 400;\"><br \/><\/span><span style=\"font-weight: 400;\">We prioritise sustainability and benefit in everything we do.<\/span><\/p>\t\t\t\t\t\t\t\t<\/div>\n\t\t\t\t<\/div>\n\t\t\t\t\t<\/div>\n\t\t\t\t<\/div>\n\t\t\t\t<\/div>","protected":false},"excerpt":{"rendered":"<p>Y\u00f6netim Balsan Otomotiv, d\u00f6rt ku\u015fakt\u0131r ayn\u0131 vizyonla y\u00f6netilen bir aile \u015firketidir. Y\u00f6netim anlay\u0131\u015f\u0131m\u0131z, ge\u00e7mi\u015fin tecr\u00fcbesini gelece\u011fin teknolojisiyle birle\u015ftirerek s\u00fcrd\u00fcr\u00fclebilir b\u00fcy\u00fcmeyi hedefler. Karar alma s\u00fcre\u00e7lerimizde \u015feffafl\u0131k, ekip \u00e7al\u0131\u015fmas\u0131 ve s\u00fcrekli geli\u015fim \u00f6n plandad\u0131r. Y\u00f6netim ekibimiz, i\u015fimizin her a\u015famas\u0131nda verimlili\u011fi art\u0131rmay\u0131, g\u00fcveni korumay\u0131 ve yenilik\u00e7ili\u011fi kurum k\u00fclt\u00fcr\u00fcm\u00fcz\u00fcn merkezinde tutmay\u0131 ama\u00e7lar. De\u011ferlerimiz Balsan Otomotiv, 1967\u2019den bu yana \u00fcretimde &hellip; <br \/><a href=\"https:\/\/www.balsan.com.tr\/en\/corporate\/management-and-values\/\" class=\"more-link\">Continue reading <span class=\"screen-reader-text\">Management and Values<\/span><\/a><\/p>","protected":false},"author":1,"featured_media":0,"parent":322,"menu_order":0,"comment_status":"closed","ping_status":"closed","template":"","meta":{"footnotes":""},"class_list":["post-19845","page","type-page","status-publish","hentry"],"_links":{"self":[{"href":"https:\/\/www.balsan.com.tr\/en\/wp-json\/wp\/v2\/pages\/19845","targetHints":{"allow":["GET"]}}],"collection":[{"href":"https:\/\/www.balsan.com.tr\/en\/wp-json\/wp\/v2\/pages"}],"about":[{"href":"https:\/\/www.balsan.com.tr\/en\/wp-json\/wp\/v2\/types\/page"}],"author":[{"embeddable":true,"href":"https:\/\/www.balsan.com.tr\/en\/wp-json\/wp\/v2\/users\/1"}],"replies":[{"embeddable":true,"href":"https:\/\/www.balsan.com.tr\/en\/wp-json\/wp\/v2\/comments?post=19845"}],"version-history":[{"count":10,"href":"https:\/\/www.balsan.com.tr\/en\/wp-json\/wp\/v2\/pages\/19845\/revisions"}],"predecessor-version":[{"id":20020,"href":"https:\/\/www.balsan.com.tr\/en\/wp-json\/wp\/v2\/pages\/19845\/revisions\/20020"}],"up":[{"embeddable":true,"href":"https:\/\/www.balsan.com.tr\/en\/wp-json\/wp\/v2\/pages\/322"}],"wp:attachment":[{"href":"https:\/\/www.balsan.com.tr\/en\/wp-json\/wp\/v2\/media?parent=19845"}],"curies":[{"name":"wp","href":"https:\/\/api.w.org\/{rel}","templated":true}]}}