{"id":19574,"date":"2025-11-19T04:17:39","date_gmt":"2025-11-19T01:17:39","guid":{"rendered":"https:\/\/balsan.com.tr\/?page_id=19574"},"modified":"2025-11-25T19:08:41","modified_gmt":"2025-11-25T16:08:41","slug":"urunlerimiz","status":"publish","type":"page","link":"https:\/\/www.balsan.com.tr\/en\/products\/","title":{"rendered":"Products"},"content":{"rendered":"<div data-elementor-type=\"wp-page\" data-elementor-id=\"19574\" class=\"elementor elementor-19574\">\n\t\t\t\t<div class=\"elementor-element elementor-element-67e5a51 e-flex e-con-boxed e-con e-child\" data-id=\"67e5a51\" data-element_type=\"container\">\n\t\t\t\t\t<div class=\"e-con-inner\">\n\t\t\t\t<div class=\"elementor-element elementor-element-e733a5a elementor-widget elementor-widget-text-editor\" data-id=\"e733a5a\" data-element_type=\"widget\" data-widget_type=\"text-editor.default\">\n\t\t\t\t\t\t\t\t\t<p>BALSAN<\/p>\t\t\t\t\t\t\t\t<\/div>\n\t\t\t\t<div class=\"elementor-element elementor-element-23e90b4 elementor-widget elementor-widget-heading\" data-id=\"23e90b4\" data-element_type=\"widget\" data-widget_type=\"heading.default\">\n\t\t\t\t\t<h2 class=\"elementor-heading-title elementor-size-default\">Our Product Range<\/h2>\t\t\t\t<\/div>\n\t\t\t\t<div class=\"elementor-element elementor-element-60747ae elementor-widget elementor-widget-text-editor\" data-id=\"60747ae\" data-element_type=\"widget\" data-widget_type=\"text-editor.default\">\n\t\t\t\t\t\t\t\t\t<p><strong>BALSAN<\/strong>BALSAN offers a wide range of products in the spare parts sector, with a particular focus on tractor spare parts manufacturing. The company's customer-oriented approach, its stable structure ensuring business continuity, and high quality standards reinforce its reliability in the industry.<br \/>BALSAN consistently prioritizes customer faction and delivers innovative solutions aligned with this goal.<\/p>\t\t\t\t\t\t\t\t<\/div>\n\t\t\t\t<div class=\"elementor-element elementor-element-9adc96e elementor-widget elementor-widget-ecosoap_woo_categories\" data-id=\"9adc96e\" data-element_type=\"widget\" data-settings=\"{&quot;columns&quot;:&quot;6&quot;,&quot;columns_tablet&quot;:&quot;3&quot;,&quot;columns_mobile&quot;:&quot;2&quot;}\" data-widget_type=\"ecosoap_woo_categories.default\">\n\t\t\t\t<div class=\"elementor-widget-container\">\n\t\t\t\t\t            <div class=\"widget-categories-box style1\">\r\n                                      \r\n                    <div class=\"row\">\r\n                                                    <div class=\"col-md-2 col-sm-4 col-xs-6\">\r\n                                <div class=\"categories-item\">\r\n                                    <div class=\"categories-inner style1\">\r\n                                        <div class=\"cate-image-top\"><div class=\"cate-image-top-inner\"><div class=\"cate-image img\"><a href=\"https:\/\/www.balsan.com.tr\/en\/product-category\/fiat\/\"><img fetchpriority=\"high\" decoding=\"async\" width=\"500\" height=\"500\" src=\"https:\/\/www.balsan.com.tr\/wp-content\/uploads\/2025\/11\/fiatlogo.png\" class=\"attachment-full size-full wp-image-19649\" alt=\"\" srcset=\"https:\/\/www.balsan.com.tr\/wp-content\/uploads\/2025\/11\/fiatlogo.png 500w, https:\/\/www.balsan.com.tr\/wp-content\/uploads\/2025\/11\/fiatlogo-300x300.png 300w, https:\/\/www.balsan.com.tr\/wp-content\/uploads\/2025\/11\/fiatlogo-150x150.png 150w, https:\/\/www.balsan.com.tr\/wp-content\/uploads\/2025\/11\/fiatlogo-410x410.png 410w, https:\/\/www.balsan.com.tr\/wp-content\/uploads\/2025\/11\/fiatlogo-100x100.png 100w, https:\/\/www.balsan.com.tr\/wp-content\/uploads\/2025\/11\/fiatlogo-160x160.png 160w, https:\/\/www.balsan.com.tr\/wp-content\/uploads\/2025\/11\/fiatlogo-96x96.png 96w\" sizes=\"(max-width: 500px) 100vw, 500px\" \/><\/a><\/div><\/div><\/div><div class=\"cate-content\"><div class=\"cate-content-inner\"><a href=\"https:\/\/www.balsan.com.tr\/en\/product-category\/fiat\/\"><h3 class=\"cat-title\">Fiat<\/h3><\/a><div class=\"product-nb\">21 Products<\/div><\/div><\/div>\r\n                                    <\/div>\r\n                                <\/div>\r\n                            <\/div>\r\n                                                    <div class=\"col-md-2 col-sm-4 col-xs-6\">\r\n                                <div class=\"categories-item\">\r\n                                    <div class=\"categories-inner style1\">\r\n                                        <div class=\"cate-image-top\"><div class=\"cate-image-top-inner\"><div class=\"cate-image img\"><a href=\"https:\/\/www.balsan.com.tr\/en\/product-category\/universal-tractor\/\"><img decoding=\"async\" width=\"500\" height=\"500\" src=\"https:\/\/www.balsan.com.tr\/wp-content\/uploads\/2025\/11\/tractor.png\" class=\"attachment-full size-full wp-image-19992\" alt=\"\" srcset=\"https:\/\/www.balsan.com.tr\/wp-content\/uploads\/2025\/11\/tractor.png 500w, https:\/\/www.balsan.com.tr\/wp-content\/uploads\/2025\/11\/tractor-300x300.png 300w, https:\/\/www.balsan.com.tr\/wp-content\/uploads\/2025\/11\/tractor-150x150.png 150w, https:\/\/www.balsan.com.tr\/wp-content\/uploads\/2025\/11\/tractor-410x410.png 410w, https:\/\/www.balsan.com.tr\/wp-content\/uploads\/2025\/11\/tractor-100x100.png 100w, https:\/\/www.balsan.com.tr\/wp-content\/uploads\/2025\/11\/tractor-160x160.png 160w, https:\/\/www.balsan.com.tr\/wp-content\/uploads\/2025\/11\/tractor-96x96.png 96w\" sizes=\"(max-width: 500px) 100vw, 500px\" \/><\/a><\/div><\/div><\/div><div class=\"cate-content\"><div class=\"cate-content-inner\"><a href=\"https:\/\/www.balsan.com.tr\/en\/product-category\/universal-tractor\/\"><h3 class=\"cat-title\">Universal Tractor<\/h3><\/a><div class=\"product-nb\">2 Products<\/div><\/div><\/div>\r\n                                    <\/div>\r\n                                <\/div>\r\n                            <\/div>\r\n                                                    <div class=\"col-md-2 col-sm-4 col-xs-6\">\r\n                                <div class=\"categories-item\">\r\n                                    <div class=\"categories-inner style1\">\r\n                                        <div class=\"cate-image-top\"><div class=\"cate-image-top-inner\"><div class=\"cate-image img\"><a href=\"https:\/\/www.balsan.com.tr\/en\/product-category\/imt\/\"><img decoding=\"async\" width=\"500\" height=\"500\" src=\"https:\/\/www.balsan.com.tr\/wp-content\/uploads\/2025\/11\/imtlogo.png\" class=\"attachment-full size-full wp-image-19714\" alt=\"\" srcset=\"https:\/\/www.balsan.com.tr\/wp-content\/uploads\/2025\/11\/imtlogo.png 500w, https:\/\/www.balsan.com.tr\/wp-content\/uploads\/2025\/11\/imtlogo-300x300.png 300w, https:\/\/www.balsan.com.tr\/wp-content\/uploads\/2025\/11\/imtlogo-150x150.png 150w, https:\/\/www.balsan.com.tr\/wp-content\/uploads\/2025\/11\/imtlogo-410x410.png 410w, https:\/\/www.balsan.com.tr\/wp-content\/uploads\/2025\/11\/imtlogo-100x100.png 100w, https:\/\/www.balsan.com.tr\/wp-content\/uploads\/2025\/11\/imtlogo-160x160.png 160w, https:\/\/www.balsan.com.tr\/wp-content\/uploads\/2025\/11\/imtlogo-96x96.png 96w\" sizes=\"(max-width: 500px) 100vw, 500px\" \/><\/a><\/div><\/div><\/div><div class=\"cate-content\"><div class=\"cate-content-inner\"><a href=\"https:\/\/www.balsan.com.tr\/en\/product-category\/imt\/\"><h3 class=\"cat-title\">IMT<\/h3><\/a><div class=\"product-nb\">4 Products<\/div><\/div><\/div>\r\n                                    <\/div>\r\n                                <\/div>\r\n                            <\/div>\r\n                                                    <div class=\"col-md-2 col-sm-4 col-xs-6\">\r\n                                <div class=\"categories-item\">\r\n                                    <div class=\"categories-inner style1\">\r\n                                        <div class=\"cate-image-top\"><div class=\"cate-image-top-inner\"><div class=\"cate-image img\"><a href=\"https:\/\/www.balsan.com.tr\/en\/product-category\/john-deere\/\"><img loading=\"lazy\" decoding=\"async\" width=\"500\" height=\"500\" src=\"https:\/\/www.balsan.com.tr\/wp-content\/uploads\/2025\/11\/johnlogo.png\" class=\"attachment-full size-full wp-image-19718\" alt=\"\" srcset=\"https:\/\/www.balsan.com.tr\/wp-content\/uploads\/2025\/11\/johnlogo.png 500w, https:\/\/www.balsan.com.tr\/wp-content\/uploads\/2025\/11\/johnlogo-300x300.png 300w, https:\/\/www.balsan.com.tr\/wp-content\/uploads\/2025\/11\/johnlogo-150x150.png 150w, https:\/\/www.balsan.com.tr\/wp-content\/uploads\/2025\/11\/johnlogo-410x410.png 410w, https:\/\/www.balsan.com.tr\/wp-content\/uploads\/2025\/11\/johnlogo-100x100.png 100w, https:\/\/www.balsan.com.tr\/wp-content\/uploads\/2025\/11\/johnlogo-160x160.png 160w, https:\/\/www.balsan.com.tr\/wp-content\/uploads\/2025\/11\/johnlogo-96x96.png 96w\" sizes=\"(max-width: 500px) 100vw, 500px\" \/><\/a><\/div><\/div><\/div><div class=\"cate-content\"><div class=\"cate-content-inner\"><a href=\"https:\/\/www.balsan.com.tr\/en\/product-category\/john-deere\/\"><h3 class=\"cat-title\">John Deere<\/h3><\/a><div class=\"product-nb\">4 Products<\/div><\/div><\/div>\r\n                                    <\/div>\r\n                                <\/div>\r\n                            <\/div>\r\n                                                    <div class=\"col-md-2 col-sm-4 col-xs-6\">\r\n                                <div class=\"categories-item\">\r\n                                    <div class=\"categories-inner style1\">\r\n                                        <div class=\"cate-image-top\"><div class=\"cate-image-top-inner\"><div class=\"cate-image img\"><a href=\"https:\/\/www.balsan.com.tr\/en\/product-category\/balkancar\/\"><img loading=\"lazy\" decoding=\"async\" width=\"500\" height=\"500\" src=\"https:\/\/www.balsan.com.tr\/wp-content\/uploads\/2025\/11\/balkancarlogo.png\" class=\"attachment-full size-full wp-image-19720\" alt=\"\" srcset=\"https:\/\/www.balsan.com.tr\/wp-content\/uploads\/2025\/11\/balkancarlogo.png 500w, https:\/\/www.balsan.com.tr\/wp-content\/uploads\/2025\/11\/balkancarlogo-300x300.png 300w, https:\/\/www.balsan.com.tr\/wp-content\/uploads\/2025\/11\/balkancarlogo-150x150.png 150w, https:\/\/www.balsan.com.tr\/wp-content\/uploads\/2025\/11\/balkancarlogo-410x410.png 410w, https:\/\/www.balsan.com.tr\/wp-content\/uploads\/2025\/11\/balkancarlogo-100x100.png 100w, https:\/\/www.balsan.com.tr\/wp-content\/uploads\/2025\/11\/balkancarlogo-160x160.png 160w, https:\/\/www.balsan.com.tr\/wp-content\/uploads\/2025\/11\/balkancarlogo-96x96.png 96w\" sizes=\"(max-width: 500px) 100vw, 500px\" \/><\/a><\/div><\/div><\/div><div class=\"cate-content\"><div class=\"cate-content-inner\"><a href=\"https:\/\/www.balsan.com.tr\/en\/product-category\/balkancar\/\"><h3 class=\"cat-title\">Balkancar<\/h3><\/a><div class=\"product-nb\">6 Products<\/div><\/div><\/div>\r\n                                    <\/div>\r\n                                <\/div>\r\n                            <\/div>\r\n                                                    <div class=\"col-md-2 col-sm-4 col-xs-6\">\r\n                                <div class=\"categories-item\">\r\n                                    <div class=\"categories-inner style1\">\r\n                                        <div class=\"cate-image-top\"><div class=\"cate-image-top-inner\"><div class=\"cate-image img\"><a href=\"https:\/\/www.balsan.com.tr\/en\/product-category\/massey-ferguson\/\"><img loading=\"lazy\" decoding=\"async\" width=\"500\" height=\"500\" src=\"https:\/\/www.balsan.com.tr\/wp-content\/uploads\/2025\/11\/masseylogo.png\" class=\"attachment-full size-full wp-image-19721\" alt=\"\" srcset=\"https:\/\/www.balsan.com.tr\/wp-content\/uploads\/2025\/11\/masseylogo.png 500w, https:\/\/www.balsan.com.tr\/wp-content\/uploads\/2025\/11\/masseylogo-300x300.png 300w, https:\/\/www.balsan.com.tr\/wp-content\/uploads\/2025\/11\/masseylogo-150x150.png 150w, https:\/\/www.balsan.com.tr\/wp-content\/uploads\/2025\/11\/masseylogo-410x410.png 410w, https:\/\/www.balsan.com.tr\/wp-content\/uploads\/2025\/11\/masseylogo-100x100.png 100w, https:\/\/www.balsan.com.tr\/wp-content\/uploads\/2025\/11\/masseylogo-160x160.png 160w, https:\/\/www.balsan.com.tr\/wp-content\/uploads\/2025\/11\/masseylogo-96x96.png 96w\" sizes=\"(max-width: 500px) 100vw, 500px\" \/><\/a><\/div><\/div><\/div><div class=\"cate-content\"><div class=\"cate-content-inner\"><a href=\"https:\/\/www.balsan.com.tr\/en\/product-category\/massey-ferguson\/\"><h3 class=\"cat-title\">Massey Ferguson<\/h3><\/a><div class=\"product-nb\">47 Products<\/div><\/div><\/div>\r\n                                    <\/div>\r\n                                <\/div>\r\n                            <\/div>\r\n                                                    <div class=\"col-md-2 col-sm-4 col-xs-6\">\r\n                                <div class=\"categories-item\">\r\n                                    <div class=\"categories-inner style1\">\r\n                                        <div class=\"cate-image-top\"><div class=\"cate-image-top-inner\"><div class=\"cate-image img\"><a href=\"https:\/\/www.balsan.com.tr\/en\/product-category\/ford\/\"><img loading=\"lazy\" decoding=\"async\" width=\"500\" height=\"500\" src=\"https:\/\/www.balsan.com.tr\/wp-content\/uploads\/2025\/11\/fordlogo.png\" class=\"attachment-full size-full wp-image-19722\" alt=\"\" srcset=\"https:\/\/www.balsan.com.tr\/wp-content\/uploads\/2025\/11\/fordlogo.png 500w, https:\/\/www.balsan.com.tr\/wp-content\/uploads\/2025\/11\/fordlogo-300x300.png 300w, https:\/\/www.balsan.com.tr\/wp-content\/uploads\/2025\/11\/fordlogo-150x150.png 150w, https:\/\/www.balsan.com.tr\/wp-content\/uploads\/2025\/11\/fordlogo-410x410.png 410w, https:\/\/www.balsan.com.tr\/wp-content\/uploads\/2025\/11\/fordlogo-100x100.png 100w, https:\/\/www.balsan.com.tr\/wp-content\/uploads\/2025\/11\/fordlogo-160x160.png 160w, https:\/\/www.balsan.com.tr\/wp-content\/uploads\/2025\/11\/fordlogo-96x96.png 96w\" sizes=\"(max-width: 500px) 100vw, 500px\" \/><\/a><\/div><\/div><\/div><div class=\"cate-content\"><div class=\"cate-content-inner\"><a href=\"https:\/\/www.balsan.com.tr\/en\/product-category\/ford\/\"><h3 class=\"cat-title\">Ford Tractor<\/h3><\/a><div class=\"product-nb\">16 Products<\/div><\/div><\/div>\r\n                                    <\/div>\r\n                                <\/div>\r\n                            <\/div>\r\n                                                    <div class=\"col-md-2 col-sm-4 col-xs-6\">\r\n                                <div class=\"categories-item\">\r\n                                    <div class=\"categories-inner style1\">\r\n                                        <div class=\"cate-image-top\"><div class=\"cate-image-top-inner\"><div class=\"cate-image img\"><a href=\"https:\/\/www.balsan.com.tr\/en\/product-category\/444-international\/\"><img loading=\"lazy\" decoding=\"async\" width=\"500\" height=\"500\" src=\"https:\/\/www.balsan.com.tr\/wp-content\/uploads\/2025\/11\/4444.png\" class=\"attachment-full size-full wp-image-19990\" alt=\"\" srcset=\"https:\/\/www.balsan.com.tr\/wp-content\/uploads\/2025\/11\/4444.png 500w, https:\/\/www.balsan.com.tr\/wp-content\/uploads\/2025\/11\/4444-300x300.png 300w, https:\/\/www.balsan.com.tr\/wp-content\/uploads\/2025\/11\/4444-150x150.png 150w, https:\/\/www.balsan.com.tr\/wp-content\/uploads\/2025\/11\/4444-410x410.png 410w, https:\/\/www.balsan.com.tr\/wp-content\/uploads\/2025\/11\/4444-100x100.png 100w, https:\/\/www.balsan.com.tr\/wp-content\/uploads\/2025\/11\/4444-160x160.png 160w, https:\/\/www.balsan.com.tr\/wp-content\/uploads\/2025\/11\/4444-96x96.png 96w\" sizes=\"(max-width: 500px) 100vw, 500px\" \/><\/a><\/div><\/div><\/div><div class=\"cate-content\"><div class=\"cate-content-inner\"><a href=\"https:\/\/www.balsan.com.tr\/en\/product-category\/444-international\/\"><h3 class=\"cat-title\">444 International<\/h3><\/a><div class=\"product-nb\">8 Products<\/div><\/div><\/div>\r\n                                    <\/div>\r\n                                <\/div>\r\n                            <\/div>\r\n                                                    <div class=\"col-md-2 col-sm-4 col-xs-6\">\r\n                                <div class=\"categories-item\">\r\n                                    <div class=\"categories-inner style1\">\r\n                                        <div class=\"cate-image-top\"><div class=\"cate-image-top-inner\"><div class=\"cate-image img\"><a href=\"https:\/\/www.balsan.com.tr\/en\/product-category\/steyr\/\"><img loading=\"lazy\" decoding=\"async\" width=\"500\" height=\"500\" src=\"https:\/\/www.balsan.com.tr\/wp-content\/uploads\/2025\/11\/steyrlogo.png\" class=\"attachment-full size-full wp-image-19726\" alt=\"\" srcset=\"https:\/\/www.balsan.com.tr\/wp-content\/uploads\/2025\/11\/steyrlogo.png 500w, https:\/\/www.balsan.com.tr\/wp-content\/uploads\/2025\/11\/steyrlogo-300x300.png 300w, https:\/\/www.balsan.com.tr\/wp-content\/uploads\/2025\/11\/steyrlogo-150x150.png 150w, https:\/\/www.balsan.com.tr\/wp-content\/uploads\/2025\/11\/steyrlogo-410x410.png 410w, https:\/\/www.balsan.com.tr\/wp-content\/uploads\/2025\/11\/steyrlogo-100x100.png 100w, https:\/\/www.balsan.com.tr\/wp-content\/uploads\/2025\/11\/steyrlogo-160x160.png 160w, https:\/\/www.balsan.com.tr\/wp-content\/uploads\/2025\/11\/steyrlogo-96x96.png 96w\" sizes=\"(max-width: 500px) 100vw, 500px\" \/><\/a><\/div><\/div><\/div><div class=\"cate-content\"><div class=\"cate-content-inner\"><a href=\"https:\/\/www.balsan.com.tr\/en\/product-category\/steyr\/\"><h3 class=\"cat-title\">Steyr<\/h3><\/a><div class=\"product-nb\">8 Products<\/div><\/div><\/div>\r\n                                    <\/div>\r\n                                <\/div>\r\n                            <\/div>\r\n                                                    <div class=\"col-md-2 col-sm-4 col-xs-6\">\r\n                                <div class=\"categories-item\">\r\n                                    <div class=\"categories-inner style1\">\r\n                                        <div class=\"cate-image-top\"><div class=\"cate-image-top-inner\"><div class=\"cate-image img\"><a href=\"https:\/\/www.balsan.com.tr\/en\/product-category\/cat\/\"><img loading=\"lazy\" decoding=\"async\" width=\"500\" height=\"500\" src=\"https:\/\/www.balsan.com.tr\/wp-content\/uploads\/2025\/11\/catlogo.png\" class=\"attachment-full size-full wp-image-19728\" alt=\"\" srcset=\"https:\/\/www.balsan.com.tr\/wp-content\/uploads\/2025\/11\/catlogo.png 500w, https:\/\/www.balsan.com.tr\/wp-content\/uploads\/2025\/11\/catlogo-300x300.png 300w, https:\/\/www.balsan.com.tr\/wp-content\/uploads\/2025\/11\/catlogo-150x150.png 150w, https:\/\/www.balsan.com.tr\/wp-content\/uploads\/2025\/11\/catlogo-410x410.png 410w, https:\/\/www.balsan.com.tr\/wp-content\/uploads\/2025\/11\/catlogo-100x100.png 100w, https:\/\/www.balsan.com.tr\/wp-content\/uploads\/2025\/11\/catlogo-160x160.png 160w, https:\/\/www.balsan.com.tr\/wp-content\/uploads\/2025\/11\/catlogo-96x96.png 96w\" sizes=\"(max-width: 500px) 100vw, 500px\" \/><\/a><\/div><\/div><\/div><div class=\"cate-content\"><div class=\"cate-content-inner\"><a href=\"https:\/\/www.balsan.com.tr\/en\/product-category\/cat\/\"><h3 class=\"cat-title\">CAT<\/h3><\/a><div class=\"product-nb\">3 Products<\/div><\/div><\/div>\r\n                                    <\/div>\r\n                                <\/div>\r\n                            <\/div>\r\n                                            <\/div>\r\n                                    \r\n            <\/div>\r\n            \t\t\t\t<\/div>\n\t\t\t\t<\/div>\n\t\t\t\t\t<\/div>\n\t\t\t\t<\/div>\n\t\t\t\t<\/div>","protected":false},"excerpt":{"rendered":"<p>BALSAN \u00dcr\u00fcn Yelpazemiz BALSAN, yedek par\u00e7a sekt\u00f6r\u00fcnde sundu\u011fu geni\u015f \u00fcr\u00fcn yelpazesiyle, \u00f6zellikle trakt\u00f6r yedek par\u00e7alar\u0131 imalat\u0131nda hizmet vermektedir. Firman\u0131n m\u00fc\u015fteri odakl\u0131 yakla\u015f\u0131m\u0131, i\u015f s\u00fcreklili\u011fini sa\u011flayan istikrarl\u0131 yap\u0131s\u0131 ve y\u00fcksek kalite standartlar\u0131, sekt\u00f6rdeki g\u00fcvenilirli\u011fini peki\u015ftirmektedir.BALSAN, m\u00fc\u015fteri memnuniyetini her zaman \u00f6ncelikli hedef olarak belirlemekte ve bu do\u011frultuda yenilik\u00e7i \u00e7\u00f6z\u00fcmler sunmaktad\u0131r. Fiat 2 Products Universal Tractor 1 Product &hellip; <br \/><a href=\"https:\/\/www.balsan.com.tr\/en\/products\/\" class=\"more-link\">Continue reading <span class=\"screen-reader-text\">Products<\/span><\/a><\/p>","protected":false},"author":1,"featured_media":0,"parent":0,"menu_order":0,"comment_status":"closed","ping_status":"closed","template":"","meta":{"footnotes":""},"class_list":["post-19574","page","type-page","status-publish","hentry"],"_links":{"self":[{"href":"https:\/\/www.balsan.com.tr\/en\/wp-json\/wp\/v2\/pages\/19574","targetHints":{"allow":["GET"]}}],"collection":[{"href":"https:\/\/www.balsan.com.tr\/en\/wp-json\/wp\/v2\/pages"}],"about":[{"href":"https:\/\/www.balsan.com.tr\/en\/wp-json\/wp\/v2\/types\/page"}],"author":[{"embeddable":true,"href":"https:\/\/www.balsan.com.tr\/en\/wp-json\/wp\/v2\/users\/1"}],"replies":[{"embeddable":true,"href":"https:\/\/www.balsan.com.tr\/en\/wp-json\/wp\/v2\/comments?post=19574"}],"version-history":[{"count":28,"href":"https:\/\/www.balsan.com.tr\/en\/wp-json\/wp\/v2\/pages\/19574\/revisions"}],"predecessor-version":[{"id":19998,"href":"https:\/\/www.balsan.com.tr\/en\/wp-json\/wp\/v2\/pages\/19574\/revisions\/19998"}],"wp:attachment":[{"href":"https:\/\/www.balsan.com.tr\/en\/wp-json\/wp\/v2\/media?parent=19574"}],"curies":[{"name":"wp","href":"https:\/\/api.w.org\/{rel}","templated":true}]}}