{"id":19567,"date":"2025-11-19T04:14:08","date_gmt":"2025-11-19T01:14:08","guid":{"rendered":"https:\/\/balsan.com.tr\/?page_id=19567"},"modified":"2025-11-21T17:35:04","modified_gmt":"2025-11-21T14:35:04","slug":"hizmetlerimiz","status":"publish","type":"page","link":"https:\/\/www.balsan.com.tr\/en\/services\/","title":{"rendered":"Services"},"content":{"rendered":"<div data-elementor-type=\"wp-page\" data-elementor-id=\"19567\" class=\"elementor elementor-19567\">\n\t\t\t\t<div class=\"elementor-element elementor-element-184e73b e-flex e-con-boxed e-con e-child\" data-id=\"184e73b\" data-element_type=\"container\">\n\t\t\t\t\t<div class=\"e-con-inner\">\n\t\t\t\t<div class=\"elementor-element elementor-element-ec7c536 elementor-widget elementor-widget-text-editor\" data-id=\"ec7c536\" data-element_type=\"widget\" data-widget_type=\"text-editor.default\">\n\t\t\t\t\t\t\t\t\t<p>BALSAN<\/p>\t\t\t\t\t\t\t\t<\/div>\n\t\t\t\t<div class=\"elementor-element elementor-element-e5b50c2 elementor-widget elementor-widget-heading\" data-id=\"e5b50c2\" data-element_type=\"widget\" data-widget_type=\"heading.default\">\n\t\t\t\t\t<h2 class=\"elementor-heading-title elementor-size-default\">Services<\/h2>\t\t\t\t<\/div>\n\t\t\t\t<div class=\"elementor-element elementor-element-b072037 elementor-widget elementor-widget-text-editor\" data-id=\"b072037\" data-element_type=\"widget\" data-widget_type=\"text-editor.default\">\n\t\t\t\t\t\t\t\t\t<p class=\" translation-block\">For your spare parts and contract manufacturing needs, we are here with our modern machinery park. With over 60 years of industry experience, we deliver quality and reliable solutions.<\/p>\t\t\t\t\t\t\t\t<\/div>\n\t\t\t\t\t<\/div>\n\t\t\t\t<\/div>\n\t\t<div class=\"elementor-element elementor-element-326f054 e-flex e-con-boxed e-con e-parent\" data-id=\"326f054\" data-element_type=\"container\" data-settings=\"{&quot;background_background&quot;:&quot;classic&quot;}\">\n\t\t\t\t\t<div class=\"e-con-inner\">\n\t\t<div class=\"elementor-element elementor-element-6f0b382 e-con-full e-flex e-con e-child\" data-id=\"6f0b382\" data-element_type=\"container\">\n\t\t\t\t<div class=\"elementor-element elementor-element-831893b elementor-widget elementor-widget-ecosoap_banner\" data-id=\"831893b\" data-element_type=\"widget\" data-widget_type=\"ecosoap_banner.default\">\n\t\t\t\t<div class=\"elementor-widget-container\">\n\t\t\t\t\t                    <div class=\"widget-banner  style3\">\n                                    <div class=\"wrapper-banner\">\n                        <div class=\"content-banner\">\n                        <\/div>\n                         <div class=\"inner\">\n                            \n                                                            <h2 class=\"title1\">Production Consulting<\/h2>\n                            \n                                                            <p class=\"title2\">We help you optimize your production processes and increase your efficiency.<\/p>\n                            \n                                                        \n                        <\/div>\n                    <\/div>\n                   \n                            <\/div>\n                \t\t\t\t<\/div>\n\t\t\t\t<\/div>\n\t\t\t\t<\/div>\n\t\t<div class=\"elementor-element elementor-element-96bc2cf e-con-full e-flex e-con e-child\" data-id=\"96bc2cf\" data-element_type=\"container\">\n\t\t\t\t<div class=\"elementor-element elementor-element-5155ee8 elementor-widget elementor-widget-ecosoap_banner\" data-id=\"5155ee8\" data-element_type=\"widget\" data-widget_type=\"ecosoap_banner.default\">\n\t\t\t\t<div class=\"elementor-widget-container\">\n\t\t\t\t\t                    <div class=\"widget-banner  style3\">\n                                    <div class=\"wrapper-banner\">\n                        <div class=\"content-banner\">\n                        <\/div>\n                         <div class=\"inner\">\n                            \n                                                            <h2 class=\"title1\">Spare Parts Manufacturing<\/h2>\n                            \n                                                            <p class=\"title2\">We manufacture high- quality spare parts for many industries, with a primary focus on the tractor sector.<\/p>\n                            \n                                                        \n                        <\/div>\n                    <\/div>\n                   \n                            <\/div>\n                \t\t\t\t<\/div>\n\t\t\t\t<\/div>\n\t\t\t\t<\/div>\n\t\t<div class=\"elementor-element elementor-element-5984913 e-con-full e-flex e-con e-child\" data-id=\"5984913\" data-element_type=\"container\">\n\t\t\t\t<div class=\"elementor-element elementor-element-49c5b08 elementor-widget elementor-widget-ecosoap_banner\" data-id=\"49c5b08\" data-element_type=\"widget\" data-widget_type=\"ecosoap_banner.default\">\n\t\t\t\t<div class=\"elementor-widget-container\">\n\t\t\t\t\t                    <div class=\"widget-banner  style3\">\n                                    <div class=\"wrapper-banner\">\n                        <div class=\"content-banner\">\n                        <\/div>\n                         <div class=\"inner\">\n                            \n                                                            <h2 class=\"title1\">Prototype Work<\/h2>\n                            \n                                                            <p class=\"title2\">We develop custom prototype products quickly and reliably to meet your specific needs.<\/p>\n                            \n                                                        \n                        <\/div>\n                    <\/div>\n                   \n                            <\/div>\n                \t\t\t\t<\/div>\n\t\t\t\t<\/div>\n\t\t\t\t<\/div>\n\t\t\t\t\t<\/div>\n\t\t\t\t<\/div>\n\t\t<div class=\"elementor-element elementor-element-d1defa6 e-flex e-con-boxed e-con e-parent\" data-id=\"d1defa6\" data-element_type=\"container\" data-settings=\"{&quot;background_background&quot;:&quot;classic&quot;}\">\n\t\t\t\t\t<div class=\"e-con-inner\">\n\t\t<div class=\"elementor-element elementor-element-d517395 e-con-full e-flex e-con e-child\" data-id=\"d517395\" data-element_type=\"container\">\n\t\t\t\t<div class=\"elementor-element elementor-element-c15d798 elementor-widget elementor-widget-ecosoap_banner\" data-id=\"c15d798\" data-element_type=\"widget\" data-widget_type=\"ecosoap_banner.default\">\n\t\t\t\t<div class=\"elementor-widget-container\">\n\t\t\t\t\t                    <div class=\"widget-banner  style3\">\n                                    <div class=\"wrapper-banner\">\n                        <div class=\"content-banner\">\n                        <\/div>\n                         <div class=\"inner\">\n                            \n                                                            <h2 class=\"title1\">Mold Production<\/h2>\n                            \n                                                            <p class=\"title2\">We offer unique solutions through custom mold design and production tailored to your specific requests.<\/p>\n                            \n                                                        \n                        <\/div>\n                    <\/div>\n                   \n                            <\/div>\n                \t\t\t\t<\/div>\n\t\t\t\t<\/div>\n\t\t\t\t<\/div>\n\t\t<div class=\"elementor-element elementor-element-2e87947 e-con-full e-flex e-con e-child\" data-id=\"2e87947\" data-element_type=\"container\">\n\t\t\t\t<div class=\"elementor-element elementor-element-87e148d elementor-widget elementor-widget-ecosoap_banner\" data-id=\"87e148d\" data-element_type=\"widget\" data-widget_type=\"ecosoap_banner.default\">\n\t\t\t\t<div class=\"elementor-widget-container\">\n\t\t\t\t\t                    <div class=\"widget-banner  style3\">\n                                    <div class=\"wrapper-banner\">\n                        <div class=\"content-banner\">\n                        <\/div>\n                         <div class=\"inner\">\n                            \n                                                            <h2 class=\"title1\">Sandblasting<\/h2>\n                            \n                                                            <p class=\"title2\">We provide effective sandblasting solutions for surface preparation and cleaning.<\/p>\n                            \n                                                        \n                        <\/div>\n                    <\/div>\n                   \n                            <\/div>\n                \t\t\t\t<\/div>\n\t\t\t\t<\/div>\n\t\t\t\t<\/div>\n\t\t<div class=\"elementor-element elementor-element-e8ca208 e-con-full e-flex e-con e-child\" data-id=\"e8ca208\" data-element_type=\"container\">\n\t\t\t\t<div class=\"elementor-element elementor-element-a4b1ffe elementor-widget elementor-widget-ecosoap_banner\" data-id=\"a4b1ffe\" data-element_type=\"widget\" data-widget_type=\"ecosoap_banner.default\">\n\t\t\t\t<div class=\"elementor-widget-container\">\n\t\t\t\t\t                    <div class=\"widget-banner  style3\">\n                                    <div class=\"wrapper-banner\">\n                        <div class=\"content-banner\">\n                        <\/div>\n                         <div class=\"inner\">\n                            \n                                                            <h2 class=\"title1\">CNC Machining<\/h2>\n                            \n                                                            <p class=\"title2\">With our modern CNC machines, we ensure precise and repeatable production.<\/p>\n                            \n                                                        \n                        <\/div>\n                    <\/div>\n                   \n                            <\/div>\n                \t\t\t\t<\/div>\n\t\t\t\t<\/div>\n\t\t\t\t<\/div>\n\t\t\t\t\t<\/div>\n\t\t\t\t<\/div>\n\t\t\t\t<\/div>","protected":false},"excerpt":{"rendered":"<p>BALSAN Hizmetlerimiz Yedek par\u00e7a ve fason \u00fcretim talepleriniz i\u00e7in modern makine parkurumuzla yan\u0131n\u0131zday\u0131z. 60 y\u0131l\u0131 a\u015fan sekt\u00f6r tecr\u00fcbemizle kaliteli ve g\u00fcvenilir \u00e7\u00f6z\u00fcmler sunuyoruz. \u00dcretim Dan\u0131\u015fmanl\u0131\u011f\u0131 \u00dcretim s\u00fcre\u00e7lerinizi optimize etmenize yard\u0131mc\u0131 oluyor verimlili\u011finizi art\u0131r\u0131yoruz. Yedek Par\u00e7a \u0130malat\u0131 Trakt\u00f6r ba\u015fta olmak \u00fczere bir\u00e7ok sekt\u00f6r i\u00e7in y\u00fcksek kaliteli yedekpar\u00e7a \u00fcretimi yap\u0131yoruz Prototip \u00c7al\u0131\u015fmas\u0131 \u0130htiyaca \u00f6zel prototip \u00fcr\u00fcnleri h\u0131zl\u0131 &hellip; <br \/><a href=\"https:\/\/www.balsan.com.tr\/en\/services\/\" class=\"more-link\">Continue reading <span class=\"screen-reader-text\">Services<\/span><\/a><\/p>","protected":false},"author":1,"featured_media":0,"parent":0,"menu_order":0,"comment_status":"closed","ping_status":"closed","template":"","meta":{"footnotes":""},"class_list":["post-19567","page","type-page","status-publish","hentry"],"_links":{"self":[{"href":"https:\/\/www.balsan.com.tr\/en\/wp-json\/wp\/v2\/pages\/19567","targetHints":{"allow":["GET"]}}],"collection":[{"href":"https:\/\/www.balsan.com.tr\/en\/wp-json\/wp\/v2\/pages"}],"about":[{"href":"https:\/\/www.balsan.com.tr\/en\/wp-json\/wp\/v2\/types\/page"}],"author":[{"embeddable":true,"href":"https:\/\/www.balsan.com.tr\/en\/wp-json\/wp\/v2\/users\/1"}],"replies":[{"embeddable":true,"href":"https:\/\/www.balsan.com.tr\/en\/wp-json\/wp\/v2\/comments?post=19567"}],"version-history":[{"count":25,"href":"https:\/\/www.balsan.com.tr\/en\/wp-json\/wp\/v2\/pages\/19567\/revisions"}],"predecessor-version":[{"id":19811,"href":"https:\/\/www.balsan.com.tr\/en\/wp-json\/wp\/v2\/pages\/19567\/revisions\/19811"}],"wp:attachment":[{"href":"https:\/\/www.balsan.com.tr\/en\/wp-json\/wp\/v2\/media?parent=19567"}],"curies":[{"name":"wp","href":"https:\/\/api.w.org\/{rel}","templated":true}]}}