{"id":19551,"date":"2025-11-19T03:57:19","date_gmt":"2025-11-19T00:57:19","guid":{"rendered":"https:\/\/balsan.com.tr\/?page_id=19551"},"modified":"2025-11-21T17:29:53","modified_gmt":"2025-11-21T14:29:53","slug":"sektorler","status":"publish","type":"page","link":"https:\/\/www.balsan.com.tr\/en\/corporate\/sektorler\/","title":{"rendered":"Sectors"},"content":{"rendered":"<div data-elementor-type=\"wp-page\" data-elementor-id=\"19551\" class=\"elementor elementor-19551\">\n\t\t\t\t<div class=\"elementor-element elementor-element-fa1d202 e-flex e-con-boxed e-con e-parent\" data-id=\"fa1d202\" data-element_type=\"container\">\n\t\t\t\t\t<div class=\"e-con-inner\">\n\t\t<div class=\"elementor-element elementor-element-073921f e-con-full e-grid e-con e-child\" data-id=\"073921f\" data-element_type=\"container\">\n\t\t<div class=\"elementor-element elementor-element-22f6e9f e-flex e-con-boxed e-con e-child\" data-id=\"22f6e9f\" data-element_type=\"container\">\n\t\t\t\t\t<div class=\"e-con-inner\">\n\t\t\t\t<div class=\"elementor-element elementor-element-17813d7 e-transform elementor-invisible elementor-widget elementor-widget-image\" data-id=\"17813d7\" data-element_type=\"widget\" data-settings=\"{&quot;_animation&quot;:&quot;rotateInUpLeft&quot;,&quot;_transform_rotateZ_effect&quot;:{&quot;unit&quot;:&quot;px&quot;,&quot;size&quot;:10,&quot;sizes&quot;:[]},&quot;_transform_rotateZ_effect_mobile&quot;:{&quot;unit&quot;:&quot;deg&quot;,&quot;size&quot;:10,&quot;sizes&quot;:[]},&quot;_transform_rotateZ_effect_tablet&quot;:{&quot;unit&quot;:&quot;deg&quot;,&quot;size&quot;:&quot;&quot;,&quot;sizes&quot;:[]}}\" data-widget_type=\"image.default\">\n\t\t\t\t\t\t\t\t\t\t\t\t\t\t\t<img fetchpriority=\"high\" decoding=\"async\" width=\"550\" height=\"660\" src=\"https:\/\/www.balsan.com.tr\/wp-content\/uploads\/2025\/11\/hakkimizda1.webp\" class=\"attachment-large size-large wp-image-19478\" alt=\"\" srcset=\"https:\/\/www.balsan.com.tr\/wp-content\/uploads\/2025\/11\/hakkimizda1.webp 550w, https:\/\/www.balsan.com.tr\/wp-content\/uploads\/2025\/11\/hakkimizda1-250x300.webp 250w\" sizes=\"(max-width: 550px) 100vw, 550px\" \/>\t\t\t\t\t\t\t\t\t\t\t\t\t\t\t<\/div>\n\t\t\t\t\t<\/div>\n\t\t\t\t<\/div>\n\t\t\t\t<\/div>\n\t\t<div class=\"elementor-element elementor-element-c29ba0b e-con-full e-flex e-con e-child\" data-id=\"c29ba0b\" data-element_type=\"container\">\n\t\t\t\t<div class=\"elementor-element elementor-element-a2578b6 elementor-widget elementor-widget-text-editor\" data-id=\"a2578b6\" data-element_type=\"widget\" data-widget_type=\"text-editor.default\">\n\t\t\t\t\t\t\t\t\t<p>BALSAN<\/p>\t\t\t\t\t\t\t\t<\/div>\n\t\t\t\t<div class=\"elementor-element elementor-element-0d8bbe6 elementor-widget elementor-widget-heading\" data-id=\"0d8bbe6\" data-element_type=\"widget\" data-widget_type=\"heading.default\">\n\t\t\t\t\t<h2 class=\"elementor-heading-title elementor-size-default\">Sectors<\/h2>\t\t\t\t<\/div>\n\t\t\t\t<div class=\"elementor-element elementor-element-61a7237 elementor-widget elementor-widget-text-editor\" data-id=\"61a7237\" data-element_type=\"widget\" data-widget_type=\"text-editor.default\">\n\t\t\t\t\t\t\t\t\t<p>BALSAN operates across various sectors such as tractor, automotive, and defense industries,\nproducing customized spare parts tailored for each field.<br \/>sekt\u00f6r i\u00e7in \u00f6zelle\u015ftirilmi\u015f yedek par\u00e7alar \u00fcretmektedir.<\/p><p>In the tractor sector, we manufacture parts for agricultural machinery; in the automotive and defense industries, we produce critical components for military systems, serving a broad indus- trial spectrum.<\/p><p>Every product we manufacture meets high standards of reliability, durability, and performance.<\/p>\t\t\t\t\t\t\t\t<\/div>\n\t\t\t\t<div class=\"elementor-element elementor-element-f76ecfa elementor-mobile-align-center elementor-widget elementor-widget-button\" data-id=\"f76ecfa\" data-element_type=\"widget\" data-widget_type=\"button.default\">\n\t\t\t\t\t\t\t\t\t\t<a class=\"elementor-button elementor-button-link elementor-size-sm\" href=\"https:\/\/www.balsan.com.tr\/en\/contact\/\">\n\t\t\t\t\t\t<span class=\"elementor-button-content-wrapper\">\n\t\t\t\t\t\t<span class=\"elementor-button-icon\">\n\t\t\t\t<svg aria-hidden=\"true\" class=\"e-font-icon-svg e-fas-arrow-right\" viewbox=\"0 0 448 512\" xmlns=\"http:\/\/www.w3.org\/2000\/svg\"><path d=\"M190.5 66.9l22.2-22.2c9.4-9.4 24.6-9.4 33.9 0L441 239c9.4 9.4 9.4 24.6 0 33.9L246.6 467.3c-9.4 9.4-24.6 9.4-33.9 0l-22.2-22.2c-9.5-9.5-9.3-25 .4-34.3L311.4 296H24c-13.3 0-24-10.7-24-24v-32c0-13.3 10.7-24 24-24h287.4L190.9 101.2c-9.8-9.3-10-24.8-.4-34.3z\"><\/path><\/svg>\t\t\t<\/span>\n\t\t\t\t\t\t\t\t\t<span class=\"elementor-button-text\">Get in touch<\/span>\n\t\t\t\t\t<\/span>\n\t\t\t\t\t<\/a>\n\t\t\t\t\t\t\t\t<\/div>\n\t\t\t\t<\/div>\n\t\t\t\t\t<\/div>\n\t\t\t\t<\/div>\n\t\t\t\t<\/div>","protected":false},"excerpt":{"rendered":"<p>BALSAN Sekt\u00f6rler BALSAN, trakt\u00f6r, otomotiv ve savunma sanayi gibi \u00e7e\u015fitli sekt\u00f6rlerde faaliyet g\u00f6stererek her birsekt\u00f6r i\u00e7in \u00f6zelle\u015ftirilmi\u015f yedek par\u00e7alar \u00fcretmektedir. Trakt\u00f6r sekt\u00f6r\u00fcnde tar\u0131m makineleri i\u00e7in; otomotiv ve savunma sanayi sekt\u00f6rlerinde ise askeri sistemler i\u00e7in kritik par\u00e7alar \u00fcreterek, geni\u015f bir end\u00fcstriyel yelpazeye hizmet sunmaktad\u0131r. \u00dcretilen her \u00fcr\u00fcn, g\u00fcvenilirlik, dayan\u0131kl\u0131l\u0131k ve performans a\u00e7\u0131s\u0131ndan y\u00fcksek standartlara sahiptir. \u0130leti\u015fime &hellip; <br \/><a href=\"https:\/\/www.balsan.com.tr\/en\/corporate\/sektorler\/\" class=\"more-link\">Continue reading <span class=\"screen-reader-text\">Sectors<\/span><\/a><\/p>","protected":false},"author":1,"featured_media":0,"parent":322,"menu_order":0,"comment_status":"closed","ping_status":"closed","template":"","meta":{"footnotes":""},"class_list":["post-19551","page","type-page","status-publish","hentry"],"_links":{"self":[{"href":"https:\/\/www.balsan.com.tr\/en\/wp-json\/wp\/v2\/pages\/19551","targetHints":{"allow":["GET"]}}],"collection":[{"href":"https:\/\/www.balsan.com.tr\/en\/wp-json\/wp\/v2\/pages"}],"about":[{"href":"https:\/\/www.balsan.com.tr\/en\/wp-json\/wp\/v2\/types\/page"}],"author":[{"embeddable":true,"href":"https:\/\/www.balsan.com.tr\/en\/wp-json\/wp\/v2\/users\/1"}],"replies":[{"embeddable":true,"href":"https:\/\/www.balsan.com.tr\/en\/wp-json\/wp\/v2\/comments?post=19551"}],"version-history":[{"count":7,"href":"https:\/\/www.balsan.com.tr\/en\/wp-json\/wp\/v2\/pages\/19551\/revisions"}],"predecessor-version":[{"id":19796,"href":"https:\/\/www.balsan.com.tr\/en\/wp-json\/wp\/v2\/pages\/19551\/revisions\/19796"}],"up":[{"embeddable":true,"href":"https:\/\/www.balsan.com.tr\/en\/wp-json\/wp\/v2\/pages\/322"}],"wp:attachment":[{"href":"https:\/\/www.balsan.com.tr\/en\/wp-json\/wp\/v2\/media?parent=19551"}],"curies":[{"name":"wp","href":"https:\/\/api.w.org\/{rel}","templated":true}]}}