{"id":19546,"date":"2025-11-19T03:49:41","date_gmt":"2025-11-19T00:49:41","guid":{"rendered":"https:\/\/balsan.com.tr\/?page_id=19546"},"modified":"2025-11-21T17:28:20","modified_gmt":"2025-11-21T14:28:20","slug":"hedeflerimiz","status":"publish","type":"page","link":"https:\/\/www.balsan.com.tr\/en\/corporate\/hedeflerimiz\/","title":{"rendered":"Our Goals"},"content":{"rendered":"<div data-elementor-type=\"wp-page\" data-elementor-id=\"19546\" class=\"elementor elementor-19546\">\n\t\t\t\t<div class=\"elementor-element elementor-element-fa1d202 e-flex e-con-boxed e-con e-parent\" data-id=\"fa1d202\" data-element_type=\"container\">\n\t\t\t\t\t<div class=\"e-con-inner\">\n\t\t<div class=\"elementor-element elementor-element-073921f e-con-full e-grid e-con e-child\" data-id=\"073921f\" data-element_type=\"container\">\n\t\t<div class=\"elementor-element elementor-element-22f6e9f e-flex e-con-boxed e-con e-child\" data-id=\"22f6e9f\" data-element_type=\"container\">\n\t\t\t\t\t<div class=\"e-con-inner\">\n\t\t\t\t<div class=\"elementor-element elementor-element-17813d7 e-transform elementor-invisible elementor-widget elementor-widget-image\" data-id=\"17813d7\" data-element_type=\"widget\" data-settings=\"{&quot;_animation&quot;:&quot;rotateInUpLeft&quot;,&quot;_transform_rotateZ_effect&quot;:{&quot;unit&quot;:&quot;px&quot;,&quot;size&quot;:10,&quot;sizes&quot;:[]},&quot;_transform_rotateZ_effect_mobile&quot;:{&quot;unit&quot;:&quot;deg&quot;,&quot;size&quot;:10,&quot;sizes&quot;:[]},&quot;_transform_rotateZ_effect_tablet&quot;:{&quot;unit&quot;:&quot;deg&quot;,&quot;size&quot;:&quot;&quot;,&quot;sizes&quot;:[]}}\" data-widget_type=\"image.default\">\n\t\t\t\t\t\t\t\t\t\t\t\t\t\t\t<img fetchpriority=\"high\" decoding=\"async\" width=\"550\" height=\"660\" src=\"https:\/\/www.balsan.com.tr\/wp-content\/uploads\/2025\/11\/hakkimizda1.webp\" class=\"attachment-large size-large wp-image-19478\" alt=\"\" srcset=\"https:\/\/www.balsan.com.tr\/wp-content\/uploads\/2025\/11\/hakkimizda1.webp 550w, https:\/\/www.balsan.com.tr\/wp-content\/uploads\/2025\/11\/hakkimizda1-250x300.webp 250w\" sizes=\"(max-width: 550px) 100vw, 550px\" \/>\t\t\t\t\t\t\t\t\t\t\t\t\t\t\t<\/div>\n\t\t\t\t\t<\/div>\n\t\t\t\t<\/div>\n\t\t\t\t<\/div>\n\t\t<div class=\"elementor-element elementor-element-c29ba0b e-con-full e-flex e-con e-child\" data-id=\"c29ba0b\" data-element_type=\"container\">\n\t\t\t\t<div class=\"elementor-element elementor-element-a2578b6 elementor-widget elementor-widget-text-editor\" data-id=\"a2578b6\" data-element_type=\"widget\" data-widget_type=\"text-editor.default\">\n\t\t\t\t\t\t\t\t\t<p>BALSAN<\/p>\t\t\t\t\t\t\t\t<\/div>\n\t\t\t\t<div class=\"elementor-element elementor-element-0d8bbe6 elementor-widget elementor-widget-heading\" data-id=\"0d8bbe6\" data-element_type=\"widget\" data-widget_type=\"heading.default\">\n\t\t\t\t\t<h2 class=\"elementor-heading-title elementor-size-default\">Our Goals<\/h2>\t\t\t\t<\/div>\n\t\t\t\t<div class=\"elementor-element elementor-element-61a7237 elementor-widget elementor-widget-text-editor\" data-id=\"61a7237\" data-element_type=\"widget\" data-widget_type=\"text-editor.default\">\n\t\t\t\t\t\t\t\t\t<p>Our product portfolio includes 70 different tractor and forklift spare parts manufactured under our own brand. Thanks to our flexible production capacity, we are well-equipped to handle both large- and small-scale orders.<\/p><p>Prioritizing customer satisfaction, our primary goal is to deliver high-quality, on-time prod- ucts tailored to specific needs. BALSAN also holds a strong position in con- tract manufacturing and aims to extend its industry leadership into international markets.<\/p>\t\t\t\t\t\t\t\t<\/div>\n\t\t\t\t<div class=\"elementor-element elementor-element-f76ecfa elementor-mobile-align-center elementor-widget elementor-widget-button\" data-id=\"f76ecfa\" data-element_type=\"widget\" data-widget_type=\"button.default\">\n\t\t\t\t\t\t\t\t\t\t<a class=\"elementor-button elementor-button-link elementor-size-sm\" href=\"https:\/\/www.balsan.com.tr\/en\/contact\/\">\n\t\t\t\t\t\t<span class=\"elementor-button-content-wrapper\">\n\t\t\t\t\t\t<span class=\"elementor-button-icon\">\n\t\t\t\t<svg aria-hidden=\"true\" class=\"e-font-icon-svg e-fas-arrow-right\" viewbox=\"0 0 448 512\" xmlns=\"http:\/\/www.w3.org\/2000\/svg\"><path d=\"M190.5 66.9l22.2-22.2c9.4-9.4 24.6-9.4 33.9 0L441 239c9.4 9.4 9.4 24.6 0 33.9L246.6 467.3c-9.4 9.4-24.6 9.4-33.9 0l-22.2-22.2c-9.5-9.5-9.3-25 .4-34.3L311.4 296H24c-13.3 0-24-10.7-24-24v-32c0-13.3 10.7-24 24-24h287.4L190.9 101.2c-9.8-9.3-10-24.8-.4-34.3z\"><\/path><\/svg>\t\t\t<\/span>\n\t\t\t\t\t\t\t\t\t<span class=\"elementor-button-text\">Get in touch<\/span>\n\t\t\t\t\t<\/span>\n\t\t\t\t\t<\/a>\n\t\t\t\t\t\t\t\t<\/div>\n\t\t\t\t<\/div>\n\t\t\t\t\t<\/div>\n\t\t\t\t<\/div>\n\t\t\t\t<\/div>","protected":false},"excerpt":{"rendered":"<p>BALSAN Hedeflerimiz \u00dcr\u00fcn portf\u00f6y\u00fcm\u00fczde, kendi markam\u0131zla \u00fcretti\u011fimiz 70 \u00e7e\u015fit trakt\u00f6r ve forklift yedek par\u00e7as\u0131 bulunmakta olup; ayn\u0131 zamanda esnek \u00fcretim kapasitemiz sayesinde, b\u00fcy\u00fck ve k\u00fc\u00e7\u00fck \u00f6l\u00e7ekli sipari\u015fleri kar\u015f\u0131lamaya haz\u0131r\u0131z. M\u00fc\u015fteri memnuniyetini \u00f6n planda tutarak, \u00f6zel taleplere y\u00f6nelik kaliteli ve zaman\u0131nda \u00fcr\u00fcnler sunmak firmam\u0131z\u0131n \u00f6ncelikli hedeflerindendir. BALSAN, fason \u00fcretim alan\u0131nda da g\u00fc\u00e7l\u00fc bir konuma sahip olup, &hellip; <br \/><a href=\"https:\/\/www.balsan.com.tr\/en\/corporate\/hedeflerimiz\/\" class=\"more-link\">Continue reading <span class=\"screen-reader-text\">Our Goals<\/span><\/a><\/p>","protected":false},"author":1,"featured_media":0,"parent":322,"menu_order":0,"comment_status":"closed","ping_status":"closed","template":"","meta":{"footnotes":""},"class_list":["post-19546","page","type-page","status-publish","hentry"],"_links":{"self":[{"href":"https:\/\/www.balsan.com.tr\/en\/wp-json\/wp\/v2\/pages\/19546","targetHints":{"allow":["GET"]}}],"collection":[{"href":"https:\/\/www.balsan.com.tr\/en\/wp-json\/wp\/v2\/pages"}],"about":[{"href":"https:\/\/www.balsan.com.tr\/en\/wp-json\/wp\/v2\/types\/page"}],"author":[{"embeddable":true,"href":"https:\/\/www.balsan.com.tr\/en\/wp-json\/wp\/v2\/users\/1"}],"replies":[{"embeddable":true,"href":"https:\/\/www.balsan.com.tr\/en\/wp-json\/wp\/v2\/comments?post=19546"}],"version-history":[{"count":7,"href":"https:\/\/www.balsan.com.tr\/en\/wp-json\/wp\/v2\/pages\/19546\/revisions"}],"predecessor-version":[{"id":19793,"href":"https:\/\/www.balsan.com.tr\/en\/wp-json\/wp\/v2\/pages\/19546\/revisions\/19793"}],"up":[{"embeddable":true,"href":"https:\/\/www.balsan.com.tr\/en\/wp-json\/wp\/v2\/pages\/322"}],"wp:attachment":[{"href":"https:\/\/www.balsan.com.tr\/en\/wp-json\/wp\/v2\/media?parent=19546"}],"curies":[{"name":"wp","href":"https:\/\/api.w.org\/{rel}","templated":true}]}}