{"id":19535,"date":"2025-11-19T03:43:23","date_gmt":"2025-11-19T00:43:23","guid":{"rendered":"https:\/\/balsan.com.tr\/?page_id=19535"},"modified":"2025-11-21T17:19:15","modified_gmt":"2025-11-21T14:19:15","slug":"imalat","status":"publish","type":"page","link":"https:\/\/www.balsan.com.tr\/en\/corporate\/imalat\/","title":{"rendered":"Manifacturing"},"content":{"rendered":"<div data-elementor-type=\"wp-page\" data-elementor-id=\"19535\" class=\"elementor elementor-19535\">\n\t\t\t\t<div class=\"elementor-element elementor-element-fa1d202 e-flex e-con-boxed e-con e-parent\" data-id=\"fa1d202\" data-element_type=\"container\">\n\t\t\t\t\t<div class=\"e-con-inner\">\n\t\t<div class=\"elementor-element elementor-element-073921f e-con-full e-grid e-con e-child\" data-id=\"073921f\" data-element_type=\"container\">\n\t\t<div class=\"elementor-element elementor-element-22f6e9f e-flex e-con-boxed e-con e-child\" data-id=\"22f6e9f\" data-element_type=\"container\">\n\t\t\t\t\t<div class=\"e-con-inner\">\n\t\t\t\t<div class=\"elementor-element elementor-element-17813d7 e-transform elementor-invisible elementor-widget elementor-widget-image\" data-id=\"17813d7\" data-element_type=\"widget\" data-settings=\"{&quot;_animation&quot;:&quot;rotateInUpLeft&quot;,&quot;_transform_rotateZ_effect&quot;:{&quot;unit&quot;:&quot;px&quot;,&quot;size&quot;:10,&quot;sizes&quot;:[]},&quot;_transform_rotateZ_effect_mobile&quot;:{&quot;unit&quot;:&quot;deg&quot;,&quot;size&quot;:10,&quot;sizes&quot;:[]},&quot;_transform_rotateZ_effect_tablet&quot;:{&quot;unit&quot;:&quot;deg&quot;,&quot;size&quot;:&quot;&quot;,&quot;sizes&quot;:[]}}\" data-widget_type=\"image.default\">\n\t\t\t\t\t\t\t\t\t\t\t\t\t\t\t<img fetchpriority=\"high\" decoding=\"async\" width=\"550\" height=\"660\" src=\"https:\/\/www.balsan.com.tr\/wp-content\/uploads\/2025\/11\/hakkimizda1.webp\" class=\"attachment-large size-large wp-image-19478\" alt=\"\" srcset=\"https:\/\/www.balsan.com.tr\/wp-content\/uploads\/2025\/11\/hakkimizda1.webp 550w, https:\/\/www.balsan.com.tr\/wp-content\/uploads\/2025\/11\/hakkimizda1-250x300.webp 250w\" sizes=\"(max-width: 550px) 100vw, 550px\" \/>\t\t\t\t\t\t\t\t\t\t\t\t\t\t\t<\/div>\n\t\t\t\t\t<\/div>\n\t\t\t\t<\/div>\n\t\t\t\t<\/div>\n\t\t<div class=\"elementor-element elementor-element-c29ba0b e-con-full e-flex e-con e-child\" data-id=\"c29ba0b\" data-element_type=\"container\">\n\t\t\t\t<div class=\"elementor-element elementor-element-a2578b6 elementor-widget elementor-widget-text-editor\" data-id=\"a2578b6\" data-element_type=\"widget\" data-widget_type=\"text-editor.default\">\n\t\t\t\t\t\t\t\t\t<p>BALSAN<\/p>\t\t\t\t\t\t\t\t<\/div>\n\t\t\t\t<div class=\"elementor-element elementor-element-0d8bbe6 elementor-widget elementor-widget-heading\" data-id=\"0d8bbe6\" data-element_type=\"widget\" data-widget_type=\"heading.default\">\n\t\t\t\t\t<h2 class=\"elementor-heading-title elementor-size-default\">Manifacturing<\/h2>\t\t\t\t<\/div>\n\t\t\t\t<div class=\"elementor-element elementor-element-61a7237 elementor-widget elementor-widget-text-editor\" data-id=\"61a7237\" data-element_type=\"widget\" data-widget_type=\"text-editor.default\">\n\t\t\t\t\t\t\t\t\t<p>Currently, we produce 70 different products under our own brand in the tractor industry. In addition, our manufacturing processes are carried out with flexibility according to customer demands; we cater to both high-volume orders and small-scale special requests.<\/p><p>We also provide contract manufacturing services for spare parts production. Within our customer-focused manufacturing philosophy, we place great importance on techni- cal details and quality standards.<\/p>\t\t\t\t\t\t\t\t<\/div>\n\t\t\t\t<div class=\"elementor-element elementor-element-f76ecfa elementor-mobile-align-center elementor-widget elementor-widget-button\" data-id=\"f76ecfa\" data-element_type=\"widget\" data-widget_type=\"button.default\">\n\t\t\t\t\t\t\t\t\t\t<a class=\"elementor-button elementor-button-link elementor-size-sm\" href=\"https:\/\/www.balsan.com.tr\/en\/contact\/\">\n\t\t\t\t\t\t<span class=\"elementor-button-content-wrapper\">\n\t\t\t\t\t\t<span class=\"elementor-button-icon\">\n\t\t\t\t<svg aria-hidden=\"true\" class=\"e-font-icon-svg e-fas-arrow-right\" viewbox=\"0 0 448 512\" xmlns=\"http:\/\/www.w3.org\/2000\/svg\"><path d=\"M190.5 66.9l22.2-22.2c9.4-9.4 24.6-9.4 33.9 0L441 239c9.4 9.4 9.4 24.6 0 33.9L246.6 467.3c-9.4 9.4-24.6 9.4-33.9 0l-22.2-22.2c-9.5-9.5-9.3-25 .4-34.3L311.4 296H24c-13.3 0-24-10.7-24-24v-32c0-13.3 10.7-24 24-24h287.4L190.9 101.2c-9.8-9.3-10-24.8-.4-34.3z\"><\/path><\/svg>\t\t\t<\/span>\n\t\t\t\t\t\t\t\t\t<span class=\"elementor-button-text\">Get in touch<\/span>\n\t\t\t\t\t<\/span>\n\t\t\t\t\t<\/a>\n\t\t\t\t\t\t\t\t<\/div>\n\t\t\t\t<\/div>\n\t\t\t\t\t<\/div>\n\t\t\t\t<\/div>\n\t\t\t\t<\/div>","protected":false},"excerpt":{"rendered":"<p>BALSAN \u0130malat H\u00e2lihaz\u0131rda trakt\u00f6r sekt\u00f6r\u00fcnde, kendi markam\u0131zla \u00fcretimini yapt\u0131\u011f\u0131m\u0131z 70 \u00e7e\u015fit \u00fcr\u00fcn bulunmaktad\u0131r. Bunun yan\u0131 s\u0131ra imalatlar\u0131m\u0131z, m\u00fc\u015fteri talepleri do\u011frultusunda esnek \u015fekilde y\u00fcr\u00fct\u00fclmekte; y\u00fcksek miktardaki sipari\u015flere cevap verdi\u011fi gibi, az miktarda gelen \u00f6zel sipari\u015fleri de kar\u015f\u0131lamaktad\u0131r. Yedek par\u00e7a imalatlar\u0131nda fason \u00fcretimler de ger\u00e7ekle\u015ftirilmektedir. M\u00fc\u015fteri odakl\u0131 \u00fcretim anlay\u0131\u015f\u0131m\u0131z \u00e7er\u00e7evesinde, teknik detaylara ve kalite standartlar\u0131na b\u00fcy\u00fck \u00f6nem &hellip; <br \/><a href=\"https:\/\/www.balsan.com.tr\/en\/corporate\/imalat\/\" class=\"more-link\">Continue reading <span class=\"screen-reader-text\">Manifacturing<\/span><\/a><\/p>","protected":false},"author":1,"featured_media":0,"parent":322,"menu_order":0,"comment_status":"closed","ping_status":"closed","template":"","meta":{"footnotes":""},"class_list":["post-19535","page","type-page","status-publish","hentry"],"_links":{"self":[{"href":"https:\/\/www.balsan.com.tr\/en\/wp-json\/wp\/v2\/pages\/19535","targetHints":{"allow":["GET"]}}],"collection":[{"href":"https:\/\/www.balsan.com.tr\/en\/wp-json\/wp\/v2\/pages"}],"about":[{"href":"https:\/\/www.balsan.com.tr\/en\/wp-json\/wp\/v2\/types\/page"}],"author":[{"embeddable":true,"href":"https:\/\/www.balsan.com.tr\/en\/wp-json\/wp\/v2\/users\/1"}],"replies":[{"embeddable":true,"href":"https:\/\/www.balsan.com.tr\/en\/wp-json\/wp\/v2\/comments?post=19535"}],"version-history":[{"count":11,"href":"https:\/\/www.balsan.com.tr\/en\/wp-json\/wp\/v2\/pages\/19535\/revisions"}],"predecessor-version":[{"id":19790,"href":"https:\/\/www.balsan.com.tr\/en\/wp-json\/wp\/v2\/pages\/19535\/revisions\/19790"}],"up":[{"embeddable":true,"href":"https:\/\/www.balsan.com.tr\/en\/wp-json\/wp\/v2\/pages\/322"}],"wp:attachment":[{"href":"https:\/\/www.balsan.com.tr\/en\/wp-json\/wp\/v2\/media?parent=19535"}],"curies":[{"name":"wp","href":"https:\/\/api.w.org\/{rel}","templated":true}]}}